{"id":365672,"date":"2025-04-02T13:20:39","date_gmt":"2025-04-02T11:20:39","guid":{"rendered":"https:\/\/apl.ag\/products-in-use\/"},"modified":"2025-10-27T15:58:20","modified_gmt":"2025-10-27T14:58:20","slug":"einsatzbereiche","status":"publish","type":"page","link":"https:\/\/apl.ag\/de\/einsatzbereiche\/","title":{"rendered":"Einsatzbereiche"},"content":{"rendered":"<p>[et_pb_section fb_built=&#8220;1&#8243; fullwidth=&#8220;on&#8220; _builder_version=&#8220;4.27.4&#8243; _module_preset=&#8220;default&#8220; da_disable_devices=&#8220;off|off|off&#8220; locked=&#8220;off&#8220; global_colors_info=&#8220;{}&#8220; da_is_popup=&#8220;off&#8220; da_exit_intent=&#8220;off&#8220; da_has_close=&#8220;on&#8220; da_alt_close=&#8220;off&#8220; da_dark_close=&#8220;off&#8220; da_not_modal=&#8220;on&#8220; da_is_singular=&#8220;off&#8220; da_with_loader=&#8220;off&#8220; da_has_shadow=&#8220;on&#8220;][et_pb_fullwidth_header title=&#8220;<em>Referenzen<\/em>&#8220; header_scroll_down=&#8220;on&#8220; content_max_width=&#8220;50%&#8220; _builder_version=&#8220;4.27.4&#8243; _module_preset=&#8220;default&#8220; title_font=&#8220;|||on|||||&#8220; title_font_size=&#8220;104px&#8220; title_line_height=&#8220;128px&#8220; subhead_font=&#8220;||||||||&#8220; subhead_font_size=&#8220;72px&#8220; subhead_line_height=&#8220;86px&#8220; background_enable_color=&#8220;off&#8220; use_background_color_gradient=&#8220;on&#8220; background_color_gradient_direction=&#8220;-90deg&#8220; background_color_gradient_stops=&#8220;rgba(255,255,255,0) 0%|#f4f4f4 80%&#8220; background_color_gradient_overlays_image=&#8220;on&#8220; background_image=&#8220;https:\/\/apl.ag\/wp-content\/uploads\/2025\/07\/DBC_01.jpg&#8220; background_layout=&#8220;light&#8220; custom_padding=&#8220;7%||7%||false|false&#8220; child_filter_opacity=&#8220;0%&#8220; global_colors_info=&#8220;{}&#8220;]<\/p>\n<p>apl ist ein Start-up-Unternehmen in der Beleuchtungsbranche, das ein sehr innovatives und disruptives Produktportfolio anbietet, das unseren Kunden neue, bisher unbekannte M\u00f6glichkeiten der Gestaltung mit Licht er\u00f6ffnet. Daher ist der Referenzbereich noch jung und umfasst nur wenige Projekte. Dieser Bereich wird jedoch im Laufe der Zeit schnell wachsen. Dar\u00fcber hinaus haben wir uns entschlossen, einen Inspirationsbereich hinzuzuf\u00fcgen, um Ideen f\u00fcr neue, einzigartige Produktdesigns und Anwendungen zu liefern und so den Weg f\u00fcr moderne, au\u00dfergew\u00f6hnliche und nachhaltige Beleuchtungsl\u00f6sungen zu ebnen. Teilen Sie uns Ihre Ideen mit, wir w\u00fcrden uns freuen, sie mit unserer Community zu teilen.    <\/p>\n<p>[\/et_pb_fullwidth_header][\/et_pb_section][et_pb_section fb_built=&#8220;1&#8243; _builder_version=&#8220;4.27.4&#8243; _module_preset=&#8220;default&#8220; da_disable_devices=&#8220;off|off|off&#8220; global_colors_info=&#8220;{}&#8220; da_is_popup=&#8220;off&#8220; da_exit_intent=&#8220;off&#8220; da_has_close=&#8220;on&#8220; da_alt_close=&#8220;off&#8220; da_dark_close=&#8220;off&#8220; da_not_modal=&#8220;on&#8220; da_is_singular=&#8220;off&#8220; da_with_loader=&#8220;off&#8220; da_has_shadow=&#8220;on&#8220;][et_pb_row _builder_version=&#8220;4.27.4&#8243; _module_preset=&#8220;default&#8220; global_colors_info=&#8220;{}&#8220;][et_pb_column type=&#8220;4_4&#8243; _builder_version=&#8220;4.27.4&#8243; _module_preset=&#8220;default&#8220; global_colors_info=&#8220;{}&#8220;][et_pb_de_mach_filter_posts filter_update_type=&#8220;update_field&#8220; filter_location=&#8220;fullwidth&#8220; hide_reset=&#8220;on&#8220; filter_item_bg_color=&#8220;RGBA(255,255,255,0)&#8220; _builder_version=&#8220;4.27.4&#8243; _module_preset=&#8220;default&#8220; custom_reset_filter=&#8220;on&#8220; reset_filter_font=&#8220;||||||||&#8220; reset_filter_use_icon=&#8220;off&#8220; global_colors_info=&#8220;{}&#8220;][et_pb_de_mach_search_posts_item title=&#8220;Anwendungsfall&#8220; filter_post_type=&#8220;taxonomy&#8220; custom_tax_choose=&#8220;use_case&#8220; post_type_choose=&#8220;project&#8220; acf_filter_type=&#8220;radio&#8220; taxonomy_order=&#8220;id&#8220; custom_label=&#8220;Use Case&#8220; radio_show_empty=&#8220;on&#8220; hide_module_for_empty=&#8220;off&#8220; field_id=&#8220;Field_2_2_2_2&#8243; radio_inline=&#8220;on&#8220; sub_cat_indent_prefix=&#8220;indent&#8220; cat_sub_collapsible=&#8220;on&#8220; cat_sub_collapsible_prevent=&#8220;off&#8220; _builder_version=&#8220;4.27.4&#8243; _module_preset=&#8220;default&#8220; global_colors_info=&#8220;{}&#8220;][\/et_pb_de_mach_search_posts_item][\/et_pb_de_mach_filter_posts][et_pb_divider divider_position=&#8220;center&#8220; _builder_version=&#8220;4.27.4&#8243; _module_preset=&#8220;default&#8220; global_colors_info=&#8220;{}&#8220;][\/et_pb_divider][et_pb_de_mach_filter_posts filter_update_type=&#8220;update_field&#8220; appearance=&#8220;toggle&#8220; hide_reset=&#8220;on&#8220; _builder_version=&#8220;4.27.4&#8243; _module_preset=&#8220;default&#8220; custom_reset_filter=&#8220;on&#8220; reset_filter_font=&#8220;||||||||&#8220; reset_filter_use_icon=&#8220;off&#8220; sticky_limit_bottom=&#8220;section&#8220; global_colors_info=&#8220;{}&#8220;][et_pb_de_mach_search_posts_item title=&#8220;Verwendetes Produkt&#8220; filter_post_type=&#8220;taxonomy&#8220; custom_tax_choose=&#8220;product_used&#8220; post_type_choose=&#8220;project&#8220; acf_filter_type=&#8220;radio&#8220; tax_sub_prefix=&#8220;-  &#8220; custom_label=&#8220;Product Used&#8220; radio_show_empty=&#8220;on&#8220; hide_module_for_empty=&#8220;off&#8220; field_id=&#8220;Field_2&#8243; radio_select=&#8220;checkbox&#8220; radio_inline=&#8220;on&#8220; hide_radio_all=&#8220;on&#8220; radio_button_background_color_selected=&#8220;#44D62C&#8220; _builder_version=&#8220;4.27.4&#8243; _module_preset=&#8220;default&#8220; global_colors_info=&#8220;{}&#8220;][\/et_pb_de_mach_search_posts_item][et_pb_de_mach_search_posts_item title=&#8220;Anwendungsbereich&#8220; filter_post_type=&#8220;taxonomy&#8220; custom_tax_choose=&#8220;application_area&#8220; post_type_choose=&#8220;project&#8220; acf_filter_type=&#8220;radio&#8220; tax_sub_prefix=&#8220;-  &#8220; custom_label=&#8220;Application Area&#8220; radio_show_empty=&#8220;on&#8220; hide_module_for_empty=&#8220;off&#8220; field_id=&#8220;Field_2_2&#8243; radio_select=&#8220;checkbox&#8220; radio_inline=&#8220;on&#8220; hide_radio_all=&#8220;on&#8220; radio_button_background_color_selected=&#8220;#44D62C&#8220; _builder_version=&#8220;4.27.4&#8243; _module_preset=&#8220;default&#8220; global_colors_info=&#8220;{}&#8220;][\/et_pb_de_mach_search_posts_item][et_pb_de_mach_search_posts_item title=&#8220;Anwendungssegment&#8220; filter_post_type=&#8220;taxonomy&#8220; custom_tax_choose=&#8220;application_segment&#8220; post_type_choose=&#8220;project&#8220; acf_filter_type=&#8220;radio&#8220; custom_label=&#8220;Application Segment&#8220; radio_show_empty=&#8220;on&#8220; hide_module_for_empty=&#8220;off&#8220; field_id=&#8220;Field_2_2_2&#8243; radio_select=&#8220;checkbox&#8220; radio_inline=&#8220;on&#8220; hide_radio_all=&#8220;on&#8220; radio_button_background_color_selected=&#8220;#44D62C&#8220; cat_sub_collapsible=&#8220;on&#8220; cat_sub_collapsible_prevent=&#8220;off&#8220; _builder_version=&#8220;4.27.4&#8243; _module_preset=&#8220;default&#8220; global_colors_info=&#8220;{}&#8220;][\/et_pb_de_mach_search_posts_item][\/et_pb_de_mach_filter_posts][\/et_pb_column][\/et_pb_row][et_pb_row _builder_version=&#8220;4.27.4&#8243; _module_preset=&#8220;default&#8220; global_colors_info=&#8220;{}&#8220;][et_pb_column type=&#8220;4_4&#8243; _builder_version=&#8220;4.27.4&#8243; _module_preset=&#8220;default&#8220; global_colors_info=&#8220;{}&#8220;][et_pb_db_filter_loop post_type_choose=&#8220;project&#8220; cat_loop_style=&#8220;on&#8220; loop_templates=&#8220;image-background&#8220; show_results_count=&#8220;on&#8220; scrollto=&#8220;off&#8220; grid_list_default=&#8220;grid&#8220; equal_height=&#8220;on&#8220; columns=&#8220;2&#8243; show_author=&#8220;off&#8220; show_date=&#8220;off&#8220; meta_separator=&#8220;xyz&#8220; image_hover_animation=&#8220;zoom-in&#8220; image_min_height=&#8220;350px&#8220; module_class=&#8220;custom-references&#8220; _builder_version=&#8220;4.27.4&#8243; _module_preset=&#8220;default&#8220; hover_enabled=&#8220;0&#8243; global_colors_info=&#8220;{}&#8220; show_read_more=&#8220;on&#8220; sticky_enabled=&#8220;0&#8243;][\/et_pb_db_filter_loop][\/et_pb_column][\/et_pb_row][\/et_pb_section]<\/p>\n","protected":false},"excerpt":{"rendered":"<p>apl ist ein Start-up-Unternehmen in der Beleuchtungsbranche, das ein sehr innovatives und disruptives Produktportfolio anbietet, das unseren Kunden neue, bisher unbekannte M\u00f6glichkeiten der Gestaltung mit Licht er\u00f6ffnet. Daher ist der Referenzbereich noch jung und umfasst nur wenige Projekte. Dieser Bereich wird jedoch im Laufe der Zeit schnell wachsen. Dar\u00fcber hinaus haben wir uns entschlossen, einen [&hellip;]<\/p>\n","protected":false},"author":1,"featured_media":0,"parent":0,"menu_order":0,"comment_status":"closed","ping_status":"closed","template":"","meta":{"_acf_changed":false,"_et_pb_use_builder":"on","_et_pb_old_content":"","_et_gb_content_width":"","footnotes":""},"class_list":["post-365672","page","type-page","status-publish","hentry"],"acf":[],"yoast_head":"<!-- This site is optimized with the Yoast SEO plugin v25.8 - https:\/\/yoast.com\/wordpress\/plugins\/seo\/ -->\n<title>Einsatzbereiche - apl<\/title>\n<meta name=\"robots\" content=\"index, follow, max-snippet:-1, max-image-preview:large, max-video-preview:-1\" \/>\n<link rel=\"canonical\" href=\"https:\/\/apl.ag\/de\/einsatzbereiche\/\" \/>\n<meta property=\"og:locale\" content=\"de_DE\" \/>\n<meta property=\"og:type\" content=\"article\" \/>\n<meta property=\"og:title\" content=\"Einsatzbereiche - apl\" \/>\n<meta property=\"og:description\" content=\"apl ist ein Start-up-Unternehmen in der Beleuchtungsbranche, das ein sehr innovatives und disruptives Produktportfolio anbietet, das unseren Kunden neue, bisher unbekannte M\u00f6glichkeiten der Gestaltung mit Licht er\u00f6ffnet. Daher ist der Referenzbereich noch jung und umfasst nur wenige Projekte. Dieser Bereich wird jedoch im Laufe der Zeit schnell wachsen. Dar\u00fcber hinaus haben wir uns entschlossen, einen [&hellip;]\" \/>\n<meta property=\"og:url\" content=\"https:\/\/apl.ag\/de\/einsatzbereiche\/\" \/>\n<meta property=\"og:site_name\" content=\"apl\" \/>\n<meta property=\"article:modified_time\" content=\"2025-10-27T14:58:20+00:00\" \/>\n<meta name=\"twitter:card\" content=\"summary_large_image\" \/>\n<meta name=\"twitter:label1\" content=\"Gesch\u00e4tzte Lesezeit\" \/>\n\t<meta name=\"twitter:data1\" content=\"1\u00a0Minute\" \/>\n<script type=\"application\/ld+json\" class=\"yoast-schema-graph\">{\"@context\":\"https:\/\/schema.org\",\"@graph\":[{\"@type\":\"WebPage\",\"@id\":\"https:\/\/apl.ag\/de\/einsatzbereiche\/\",\"url\":\"https:\/\/apl.ag\/de\/einsatzbereiche\/\",\"name\":\"Einsatzbereiche - apl\",\"isPartOf\":{\"@id\":\"https:\/\/apl.ag\/de\/#website\"},\"datePublished\":\"2025-04-02T11:20:39+00:00\",\"dateModified\":\"2025-10-27T14:58:20+00:00\",\"breadcrumb\":{\"@id\":\"https:\/\/apl.ag\/de\/einsatzbereiche\/#breadcrumb\"},\"inLanguage\":\"de\",\"potentialAction\":[{\"@type\":\"ReadAction\",\"target\":[\"https:\/\/apl.ag\/de\/einsatzbereiche\/\"]}]},{\"@type\":\"BreadcrumbList\",\"@id\":\"https:\/\/apl.ag\/de\/einsatzbereiche\/#breadcrumb\",\"itemListElement\":[{\"@type\":\"ListItem\",\"position\":1,\"name\":\"Home\",\"item\":\"https:\/\/apl.ag\/de\/\"},{\"@type\":\"ListItem\",\"position\":2,\"name\":\"Einsatzbereiche\"}]},{\"@type\":\"WebSite\",\"@id\":\"https:\/\/apl.ag\/de\/#website\",\"url\":\"https:\/\/apl.ag\/de\/\",\"name\":\"apl DEV\",\"description\":\"all purpose lighting\",\"publisher\":{\"@id\":\"https:\/\/apl.ag\/de\/#organization\"},\"potentialAction\":[{\"@type\":\"SearchAction\",\"target\":{\"@type\":\"EntryPoint\",\"urlTemplate\":\"https:\/\/apl.ag\/de\/?s={search_term_string}\"},\"query-input\":{\"@type\":\"PropertyValueSpecification\",\"valueRequired\":true,\"valueName\":\"search_term_string\"}}],\"inLanguage\":\"de\"},{\"@type\":\"Organization\",\"@id\":\"https:\/\/apl.ag\/de\/#organization\",\"name\":\"apl DEV\",\"url\":\"https:\/\/apl.ag\/de\/\",\"logo\":{\"@type\":\"ImageObject\",\"inLanguage\":\"de\",\"@id\":\"https:\/\/apl.ag\/de\/#\/schema\/logo\/image\/\",\"url\":\"https:\/\/apl.ag\/wp-content\/uploads\/2024\/12\/logo.svg\",\"contentUrl\":\"https:\/\/apl.ag\/wp-content\/uploads\/2024\/12\/logo.svg\",\"width\":1,\"height\":1,\"caption\":\"apl DEV\"},\"image\":{\"@id\":\"https:\/\/apl.ag\/de\/#\/schema\/logo\/image\/\"}}]}<\/script>\n<!-- \/ Yoast SEO plugin. -->","yoast_head_json":{"title":"Einsatzbereiche - apl","robots":{"index":"index","follow":"follow","max-snippet":"max-snippet:-1","max-image-preview":"max-image-preview:large","max-video-preview":"max-video-preview:-1"},"canonical":"https:\/\/apl.ag\/de\/einsatzbereiche\/","og_locale":"de_DE","og_type":"article","og_title":"Einsatzbereiche - apl","og_description":"apl ist ein Start-up-Unternehmen in der Beleuchtungsbranche, das ein sehr innovatives und disruptives Produktportfolio anbietet, das unseren Kunden neue, bisher unbekannte M\u00f6glichkeiten der Gestaltung mit Licht er\u00f6ffnet. Daher ist der Referenzbereich noch jung und umfasst nur wenige Projekte. Dieser Bereich wird jedoch im Laufe der Zeit schnell wachsen. Dar\u00fcber hinaus haben wir uns entschlossen, einen [&hellip;]","og_url":"https:\/\/apl.ag\/de\/einsatzbereiche\/","og_site_name":"apl","article_modified_time":"2025-10-27T14:58:20+00:00","twitter_card":"summary_large_image","twitter_misc":{"Gesch\u00e4tzte Lesezeit":"1\u00a0Minute"},"schema":{"@context":"https:\/\/schema.org","@graph":[{"@type":"WebPage","@id":"https:\/\/apl.ag\/de\/einsatzbereiche\/","url":"https:\/\/apl.ag\/de\/einsatzbereiche\/","name":"Einsatzbereiche - apl","isPartOf":{"@id":"https:\/\/apl.ag\/de\/#website"},"datePublished":"2025-04-02T11:20:39+00:00","dateModified":"2025-10-27T14:58:20+00:00","breadcrumb":{"@id":"https:\/\/apl.ag\/de\/einsatzbereiche\/#breadcrumb"},"inLanguage":"de","potentialAction":[{"@type":"ReadAction","target":["https:\/\/apl.ag\/de\/einsatzbereiche\/"]}]},{"@type":"BreadcrumbList","@id":"https:\/\/apl.ag\/de\/einsatzbereiche\/#breadcrumb","itemListElement":[{"@type":"ListItem","position":1,"name":"Home","item":"https:\/\/apl.ag\/de\/"},{"@type":"ListItem","position":2,"name":"Einsatzbereiche"}]},{"@type":"WebSite","@id":"https:\/\/apl.ag\/de\/#website","url":"https:\/\/apl.ag\/de\/","name":"apl DEV","description":"all purpose lighting","publisher":{"@id":"https:\/\/apl.ag\/de\/#organization"},"potentialAction":[{"@type":"SearchAction","target":{"@type":"EntryPoint","urlTemplate":"https:\/\/apl.ag\/de\/?s={search_term_string}"},"query-input":{"@type":"PropertyValueSpecification","valueRequired":true,"valueName":"search_term_string"}}],"inLanguage":"de"},{"@type":"Organization","@id":"https:\/\/apl.ag\/de\/#organization","name":"apl DEV","url":"https:\/\/apl.ag\/de\/","logo":{"@type":"ImageObject","inLanguage":"de","@id":"https:\/\/apl.ag\/de\/#\/schema\/logo\/image\/","url":"https:\/\/apl.ag\/wp-content\/uploads\/2024\/12\/logo.svg","contentUrl":"https:\/\/apl.ag\/wp-content\/uploads\/2024\/12\/logo.svg","width":1,"height":1,"caption":"apl DEV"},"image":{"@id":"https:\/\/apl.ag\/de\/#\/schema\/logo\/image\/"}}]}},"_links":{"self":[{"href":"https:\/\/apl.ag\/de\/wp-json\/wp\/v2\/pages\/365672","targetHints":{"allow":["GET"]}}],"collection":[{"href":"https:\/\/apl.ag\/de\/wp-json\/wp\/v2\/pages"}],"about":[{"href":"https:\/\/apl.ag\/de\/wp-json\/wp\/v2\/types\/page"}],"author":[{"embeddable":true,"href":"https:\/\/apl.ag\/de\/wp-json\/wp\/v2\/users\/1"}],"replies":[{"embeddable":true,"href":"https:\/\/apl.ag\/de\/wp-json\/wp\/v2\/comments?post=365672"}],"version-history":[{"count":14,"href":"https:\/\/apl.ag\/de\/wp-json\/wp\/v2\/pages\/365672\/revisions"}],"predecessor-version":[{"id":366548,"href":"https:\/\/apl.ag\/de\/wp-json\/wp\/v2\/pages\/365672\/revisions\/366548"}],"wp:attachment":[{"href":"https:\/\/apl.ag\/de\/wp-json\/wp\/v2\/media?parent=365672"}],"curies":[{"name":"wp","href":"https:\/\/api.w.org\/{rel}","templated":true}]}}