{"id":365876,"date":"2025-08-25T10:08:05","date_gmt":"2025-08-25T08:08:05","guid":{"rendered":"https:\/\/apl.ag\/datenschutz\/"},"modified":"2025-10-24T09:33:00","modified_gmt":"2025-10-24T07:33:00","slug":"datenschutz","status":"publish","type":"page","link":"https:\/\/apl.ag\/de\/datenschutz\/","title":{"rendered":"Datenschutz"},"content":{"rendered":"<p><strong>Verantwortlich im Sinne des Datenschutzgesetzes:<\/strong><br \/>\nAPL AG<br \/>\nLahnstra\u00dfe 30<br \/>\n45478 M\u00fclheim a. d. Ruhr<br \/>\nDeutschland<\/p>\n<p><strong>Datenschutz<\/strong><br \/>\nAls Webseitenbetreiber nehmen wir den Schutz aller pers\u00f6nlichen Daten sehr ernst. Alle pers\u00f6nlichen Informationen werden vertraulich und gem\u00e4\u00df den gesetzlichen Bestimmungen behandelt, wie in dieser Datenschutzerkl\u00e4rung erl\u00e4utert.<\/p>\n<p>Unsere Webseite kann selbstverst\u00e4ndlich genutzt werden, ohne dass Sie pers\u00f6nliche Daten angeben. Sollten jedoch zu irgendeinem Zeitpunkt pers\u00f6nliche Daten wie Name, Adresse oder E-Mail abgefragt werden, erfolgt dies auf freiwilliger Basis. Niemals werden von uns erhobene Daten ohne Ihre ausdr\u00fcckliche Genehmigung an Dritte weitergegeben.<\/p>\n<p>Die Daten\u00fcbertragung im Internet, beispielsweise per E-Mail, kann stets Sicherheitsl\u00fccken aufweisen. Ein l\u00fcckenloser Schutz der Daten ist im Internet nicht m\u00f6glich.<\/p>\n<p><strong>Auskunft, L\u00f6schung, Sperrung<\/strong><br \/>\nSie k\u00f6nnen sich jederzeit unentgeltlich \u00fcber die zu Ihrer Person gespeicherten Daten, deren Herkunft und Empf\u00e4nger sowie den Zweck der Datenverarbeitung informieren und eine Berichtigung, Sperrung oder L\u00f6schung dieser Daten verlangen. Nutzen Sie hierf\u00fcr bitte die im Impressum angegebenen Kontaktwege. F\u00fcr weitere Fragen zum Thema stehen wir Ihnen jederzeit gerne zur Verf\u00fcgung.<\/p>\n<p><strong>Server-Logfiles<\/strong><br \/>\nDer Seitenprovider erhebt und speichert automatisch Daten in Server-Logfiles, die uns von Ihrem Browser \u00fcbermittelt werden. Dies sind:<\/p>\n<ul>\n<li>Browsertyp\/ Browserversion<\/li>\n<li>Betriebssystem des Rechners<\/li>\n<li>Referrer URL<\/li>\n<li>Hostname des zugreifenden Rechners<\/li>\n<li>Uhrzeit der Serveranfrage<\/li>\n<\/ul>\n<p>Diese Daten sind nicht personenbezogen. Diese Daten werden nicht mit anderen Datenquellen zusammengef\u00fchrt. Sollten uns konkrete Anhaltspunkte f\u00fcr eine rechtswidrige Nutzung bekannt werden, behalten wir uns vor, diese Daten nachtr\u00e4glich zu pr\u00fcfen.<\/p>\n<p><strong>Cookies<\/strong><br \/>\nViele Internetseiten verwenden Cookies. Cookies sind f\u00fcr Ihren Rechner harmlos und virenfrei. Sie dienen dazu, Internetangebote f\u00fcr die Besucher freundlicher, effektiver und sicherer zu machen. Cookies sind kleine Textdateien, die auf Ihrem Rechner abgelegt und von Ihrem Browser verwendet werden.<\/p>\n<p>Wir verwenden in der Regel sogenannte \u201eSession-Cookies\u201c. Diese werden nach Verlassen unserer Seite automatisch gel\u00f6scht. Andere Cookies bleiben auf Ihrem Rechner gespeichert, bis Sie diese l\u00f6schen. Diese Cookies helfen dabei, Ihren Rechner beim n\u00e4chsten Besuch wiederzuerkennen.<\/p>\n<p>Sie k\u00f6nnen in Ihren Browsereinstellungen festlegen, dass Sie \u00fcber neue Cookies informiert werden und Cookies jeweils annehmen m\u00fcssen. Ebenso k\u00f6nnen Sie die Annahme von Cookies f\u00fcr bestimmte F\u00e4lle oder generell ausschlie\u00dfen oder das automatische L\u00f6schen der Cookies beim Schlie\u00dfen des Browsers aktivieren. Bei Deaktivierung von Cookies kann die Funktionalit\u00e4t unserer Webseite eingeschr\u00e4nkt sein.<\/p>\n<p><strong>\u00c4nderung der Datenschutzbestimmungen<\/strong><br \/>\nUnsere Datenschutzerkl\u00e4rung kann in unregelm\u00e4\u00dfigen Abst\u00e4nden angepasst werden, um aktuellen rechtlichen Anforderungen zu entsprechen oder \u00c4nderungen unserer Leistungen umzusetzen, z. B. bei der Einf\u00fchrung neuer Angebote. Die neue Datenschutzerkl\u00e4rung gilt dann automatisch f\u00fcr Ihren n\u00e4chsten Besuch.<\/p>\n<p><strong>Kontakt zum Datenschutzbeauftragten<\/strong><br \/>\nBei Fragen zum Datenschutz senden Sie uns bitte eine Nachricht an <a title=\"Unsere E-Mail-Adresse\" href=\"mailto:info@apl.ag\">info@apl.ag<\/a> mit dem Betreff \u201eDatenschutz\u201c.<\/p>\n<p>Diese Datenschutzerkl\u00e4rung wurde erstellt von datenschutzerklaerungmuster.de.<\/p>\n<p>&nbsp;<\/p>\n","protected":false},"excerpt":{"rendered":"<p>Verantwortlich im Sinne des Datenschutzgesetzes: APL AG Lahnstra\u00dfe 30 45478 M\u00fclheim a. d. Ruhr Deutschland Datenschutz Als Webseitenbetreiber nehmen wir den Schutz aller pers\u00f6nlichen Daten sehr ernst. Alle pers\u00f6nlichen Informationen werden vertraulich und gem\u00e4\u00df den gesetzlichen Bestimmungen behandelt, wie in dieser Datenschutzerkl\u00e4rung erl\u00e4utert. Unsere Webseite kann selbstverst\u00e4ndlich genutzt werden, ohne dass Sie pers\u00f6nliche Daten angeben. [&hellip;]<\/p>\n","protected":false},"author":1,"featured_media":0,"parent":0,"menu_order":0,"comment_status":"closed","ping_status":"closed","template":"","meta":{"_acf_changed":false,"_et_pb_use_builder":"","_et_pb_old_content":"","_et_gb_content_width":"","footnotes":""},"class_list":["post-365876","page","type-page","status-publish","hentry"],"acf":[],"yoast_head":"<!-- This site is optimized with the Yoast SEO plugin v25.8 - https:\/\/yoast.com\/wordpress\/plugins\/seo\/ -->\n<title>Datenschutz - apl<\/title>\n<meta name=\"robots\" content=\"index, follow, max-snippet:-1, max-image-preview:large, max-video-preview:-1\" \/>\n<link rel=\"canonical\" href=\"https:\/\/apl.ag\/de\/datenschutz\/\" \/>\n<meta property=\"og:locale\" content=\"de_DE\" \/>\n<meta property=\"og:type\" content=\"article\" \/>\n<meta property=\"og:title\" content=\"Datenschutz - apl\" \/>\n<meta property=\"og:description\" content=\"Verantwortlich im Sinne des Datenschutzgesetzes: APL AG Lahnstra\u00dfe 30 45478 M\u00fclheim a. d. Ruhr Deutschland Datenschutz Als Webseitenbetreiber nehmen wir den Schutz aller pers\u00f6nlichen Daten sehr ernst. Alle pers\u00f6nlichen Informationen werden vertraulich und gem\u00e4\u00df den gesetzlichen Bestimmungen behandelt, wie in dieser Datenschutzerkl\u00e4rung erl\u00e4utert. Unsere Webseite kann selbstverst\u00e4ndlich genutzt werden, ohne dass Sie pers\u00f6nliche Daten angeben. [&hellip;]\" \/>\n<meta property=\"og:url\" content=\"https:\/\/apl.ag\/de\/datenschutz\/\" \/>\n<meta property=\"og:site_name\" content=\"apl\" \/>\n<meta property=\"article:modified_time\" content=\"2025-10-24T07:33:00+00:00\" \/>\n<meta name=\"twitter:card\" content=\"summary_large_image\" \/>\n<meta name=\"twitter:label1\" content=\"Gesch\u00e4tzte Lesezeit\" \/>\n\t<meta name=\"twitter:data1\" content=\"3\u00a0Minuten\" \/>\n<script type=\"application\/ld+json\" class=\"yoast-schema-graph\">{\"@context\":\"https:\/\/schema.org\",\"@graph\":[{\"@type\":\"WebPage\",\"@id\":\"https:\/\/apl.ag\/de\/datenschutz\/\",\"url\":\"https:\/\/apl.ag\/de\/datenschutz\/\",\"name\":\"Datenschutz - apl\",\"isPartOf\":{\"@id\":\"https:\/\/apl.ag\/de\/#website\"},\"datePublished\":\"2025-08-25T08:08:05+00:00\",\"dateModified\":\"2025-10-24T07:33:00+00:00\",\"breadcrumb\":{\"@id\":\"https:\/\/apl.ag\/de\/datenschutz\/#breadcrumb\"},\"inLanguage\":\"de\",\"potentialAction\":[{\"@type\":\"ReadAction\",\"target\":[\"https:\/\/apl.ag\/de\/datenschutz\/\"]}]},{\"@type\":\"BreadcrumbList\",\"@id\":\"https:\/\/apl.ag\/de\/datenschutz\/#breadcrumb\",\"itemListElement\":[{\"@type\":\"ListItem\",\"position\":1,\"name\":\"Home\",\"item\":\"https:\/\/apl.ag\/de\/\"},{\"@type\":\"ListItem\",\"position\":2,\"name\":\"Datenschutz\"}]},{\"@type\":\"WebSite\",\"@id\":\"https:\/\/apl.ag\/de\/#website\",\"url\":\"https:\/\/apl.ag\/de\/\",\"name\":\"apl DEV\",\"description\":\"all purpose lighting\",\"publisher\":{\"@id\":\"https:\/\/apl.ag\/de\/#organization\"},\"potentialAction\":[{\"@type\":\"SearchAction\",\"target\":{\"@type\":\"EntryPoint\",\"urlTemplate\":\"https:\/\/apl.ag\/de\/?s={search_term_string}\"},\"query-input\":{\"@type\":\"PropertyValueSpecification\",\"valueRequired\":true,\"valueName\":\"search_term_string\"}}],\"inLanguage\":\"de\"},{\"@type\":\"Organization\",\"@id\":\"https:\/\/apl.ag\/de\/#organization\",\"name\":\"apl DEV\",\"url\":\"https:\/\/apl.ag\/de\/\",\"logo\":{\"@type\":\"ImageObject\",\"inLanguage\":\"de\",\"@id\":\"https:\/\/apl.ag\/de\/#\/schema\/logo\/image\/\",\"url\":\"https:\/\/apl.ag\/wp-content\/uploads\/2024\/12\/logo.svg\",\"contentUrl\":\"https:\/\/apl.ag\/wp-content\/uploads\/2024\/12\/logo.svg\",\"width\":1,\"height\":1,\"caption\":\"apl DEV\"},\"image\":{\"@id\":\"https:\/\/apl.ag\/de\/#\/schema\/logo\/image\/\"}}]}<\/script>\n<!-- \/ Yoast SEO plugin. -->","yoast_head_json":{"title":"Datenschutz - apl","robots":{"index":"index","follow":"follow","max-snippet":"max-snippet:-1","max-image-preview":"max-image-preview:large","max-video-preview":"max-video-preview:-1"},"canonical":"https:\/\/apl.ag\/de\/datenschutz\/","og_locale":"de_DE","og_type":"article","og_title":"Datenschutz - apl","og_description":"Verantwortlich im Sinne des Datenschutzgesetzes: APL AG Lahnstra\u00dfe 30 45478 M\u00fclheim a. d. Ruhr Deutschland Datenschutz Als Webseitenbetreiber nehmen wir den Schutz aller pers\u00f6nlichen Daten sehr ernst. Alle pers\u00f6nlichen Informationen werden vertraulich und gem\u00e4\u00df den gesetzlichen Bestimmungen behandelt, wie in dieser Datenschutzerkl\u00e4rung erl\u00e4utert. Unsere Webseite kann selbstverst\u00e4ndlich genutzt werden, ohne dass Sie pers\u00f6nliche Daten angeben. [&hellip;]","og_url":"https:\/\/apl.ag\/de\/datenschutz\/","og_site_name":"apl","article_modified_time":"2025-10-24T07:33:00+00:00","twitter_card":"summary_large_image","twitter_misc":{"Gesch\u00e4tzte Lesezeit":"3\u00a0Minuten"},"schema":{"@context":"https:\/\/schema.org","@graph":[{"@type":"WebPage","@id":"https:\/\/apl.ag\/de\/datenschutz\/","url":"https:\/\/apl.ag\/de\/datenschutz\/","name":"Datenschutz - apl","isPartOf":{"@id":"https:\/\/apl.ag\/de\/#website"},"datePublished":"2025-08-25T08:08:05+00:00","dateModified":"2025-10-24T07:33:00+00:00","breadcrumb":{"@id":"https:\/\/apl.ag\/de\/datenschutz\/#breadcrumb"},"inLanguage":"de","potentialAction":[{"@type":"ReadAction","target":["https:\/\/apl.ag\/de\/datenschutz\/"]}]},{"@type":"BreadcrumbList","@id":"https:\/\/apl.ag\/de\/datenschutz\/#breadcrumb","itemListElement":[{"@type":"ListItem","position":1,"name":"Home","item":"https:\/\/apl.ag\/de\/"},{"@type":"ListItem","position":2,"name":"Datenschutz"}]},{"@type":"WebSite","@id":"https:\/\/apl.ag\/de\/#website","url":"https:\/\/apl.ag\/de\/","name":"apl DEV","description":"all purpose lighting","publisher":{"@id":"https:\/\/apl.ag\/de\/#organization"},"potentialAction":[{"@type":"SearchAction","target":{"@type":"EntryPoint","urlTemplate":"https:\/\/apl.ag\/de\/?s={search_term_string}"},"query-input":{"@type":"PropertyValueSpecification","valueRequired":true,"valueName":"search_term_string"}}],"inLanguage":"de"},{"@type":"Organization","@id":"https:\/\/apl.ag\/de\/#organization","name":"apl DEV","url":"https:\/\/apl.ag\/de\/","logo":{"@type":"ImageObject","inLanguage":"de","@id":"https:\/\/apl.ag\/de\/#\/schema\/logo\/image\/","url":"https:\/\/apl.ag\/wp-content\/uploads\/2024\/12\/logo.svg","contentUrl":"https:\/\/apl.ag\/wp-content\/uploads\/2024\/12\/logo.svg","width":1,"height":1,"caption":"apl DEV"},"image":{"@id":"https:\/\/apl.ag\/de\/#\/schema\/logo\/image\/"}}]}},"_links":{"self":[{"href":"https:\/\/apl.ag\/de\/wp-json\/wp\/v2\/pages\/365876","targetHints":{"allow":["GET"]}}],"collection":[{"href":"https:\/\/apl.ag\/de\/wp-json\/wp\/v2\/pages"}],"about":[{"href":"https:\/\/apl.ag\/de\/wp-json\/wp\/v2\/types\/page"}],"author":[{"embeddable":true,"href":"https:\/\/apl.ag\/de\/wp-json\/wp\/v2\/users\/1"}],"replies":[{"embeddable":true,"href":"https:\/\/apl.ag\/de\/wp-json\/wp\/v2\/comments?post=365876"}],"version-history":[{"count":1,"href":"https:\/\/apl.ag\/de\/wp-json\/wp\/v2\/pages\/365876\/revisions"}],"predecessor-version":[{"id":366315,"href":"https:\/\/apl.ag\/de\/wp-json\/wp\/v2\/pages\/365876\/revisions\/366315"}],"wp:attachment":[{"href":"https:\/\/apl.ag\/de\/wp-json\/wp\/v2\/media?parent=365876"}],"curies":[{"name":"wp","href":"https:\/\/api.w.org\/{rel}","templated":true}]}}