{"id":365892,"date":"2025-06-04T13:49:34","date_gmt":"2025-06-04T11:49:34","guid":{"rendered":"https:\/\/apl.ag\/produkte\/"},"modified":"2025-10-24T13:17:46","modified_gmt":"2025-10-24T11:17:46","slug":"produkte","status":"publish","type":"page","link":"https:\/\/apl.ag\/de\/produkte\/","title":{"rendered":"Produkte"},"content":{"rendered":"<p>[et_pb_section fb_built=&#8220;1&#8243; fullwidth=&#8220;on&#8220; _builder_version=&#8220;4.27.4&#8243; _module_preset=&#8220;default&#8220; da_disable_devices=&#8220;off|off|off&#8220; locked=&#8220;off&#8220; global_colors_info=&#8220;{}&#8220; da_is_popup=&#8220;off&#8220; da_exit_intent=&#8220;off&#8220; da_has_close=&#8220;on&#8220; da_alt_close=&#8220;off&#8220; da_dark_close=&#8220;off&#8220; da_not_modal=&#8220;on&#8220; da_is_singular=&#8220;off&#8220; da_with_loader=&#8220;off&#8220; da_has_shadow=&#8220;on&#8220;][et_pb_fullwidth_header title=&#8220;<em>Produkte<\/em>&#8220; button_one_url=&#8220;#!&#8220; background_overlay_color=&#8220;rgba(37,37,37,0.1)&#8220; disabled_on=&#8220;on|on|on&#8220; _builder_version=&#8220;4.27.4&#8243; _module_preset=&#8220;default&#8220; title_font=&#8220;|||on|||||&#8220; title_font_size=&#8220;104px&#8220; title_line_height=&#8220;128px&#8220; content_font_size=&#8220;26px&#8220; content_line_height=&#8220;38px&#8220; subhead_font=&#8220;||||||||&#8220; subhead_font_size=&#8220;72px&#8220; subhead_line_height=&#8220;86px&#8220; background_color=&#8220;RGBA(255,255,255,0)&#8220; background_image=&#8220;https:\/\/apl.ag\/wp-content\/uploads\/2025\/08\/APL_Product_Overview_01.jpg&#8220; custom_button_one=&#8220;on&#8220; button_one_text_color=&#8220;#252525&#8243; button_one_bg_color=&#8220;#F5F5F5&#8243; custom_padding=&#8220;7%||7%||false|false&#8220; child_filter_opacity=&#8220;0%&#8220; disabled=&#8220;on&#8220; global_colors_info=&#8220;{}&#8220;][\/et_pb_fullwidth_header][et_pb_fullwidth_slider use_bg_overlay=&#8220;on&#8220; use_text_overlay=&#8220;off&#8220; _builder_version=&#8220;4.27.4&#8243; _module_preset=&#8220;default&#8220; header_level=&#8220;h1&#8243; header_font=&#8220;|||on|||||&#8220; text_orientation=&#8220;left&#8220; content_width=&#8220;100%&#8220; custom_padding=&#8220;|||0px|false|false&#8220; custom_padding_tablet=&#8220;|||0px|false|false&#8220; custom_padding_phone=&#8220;|||10%|false|false&#8220; custom_padding_last_edited=&#8220;on|phone&#8220; auto=&#8220;on&#8220; auto_speed=&#8220;5000&#8243; auto_ignore_hover=&#8220;on&#8220; hover_enabled=&#8220;0&#8243; global_colors_info=&#8220;{}&#8220; sticky_enabled=&#8220;0&#8243;][et_pb_slide heading=&#8220;PRODUKTE&#8220; _builder_version=&#8220;4.27.4&#8243; _module_preset=&#8220;default&#8220; background_image=&#8220;https:\/\/apl.ag\/wp-content\/uploads\/2025\/08\/Slider_01-scaled.jpg&#8220; background_enable_image=&#8220;on&#8220; hover_enabled=&#8220;0&#8243; global_colors_info=&#8220;{}&#8220; sticky_transition=&#8220;on&#8220; sticky_enabled=&#8220;0&#8243;][\/et_pb_slide][et_pb_slide heading=&#8220;PRODUKTE&#8220; _builder_version=&#8220;4.27.4&#8243; _module_preset=&#8220;default&#8220; background_image=&#8220;https:\/\/apl.ag\/wp-content\/uploads\/2025\/08\/Slider_02-scaled.jpg&#8220; background_enable_image=&#8220;on&#8220; global_colors_info=&#8220;{}&#8220; sticky_transition=&#8220;on&#8220;][\/et_pb_slide][et_pb_slide heading=&#8220;PRODUKTE&#8220; _builder_version=&#8220;4.27.4&#8243; _module_preset=&#8220;default&#8220; background_image=&#8220;https:\/\/apl.ag\/wp-content\/uploads\/2025\/08\/Slider_03-scaled.jpg&#8220; background_enable_image=&#8220;on&#8220; global_colors_info=&#8220;{}&#8220; sticky_transition=&#8220;on&#8220;][\/et_pb_slide][et_pb_slide heading=&#8220;PRODUKTE&#8220; _builder_version=&#8220;4.27.4&#8243; _module_preset=&#8220;default&#8220; background_image=&#8220;https:\/\/apl.ag\/wp-content\/uploads\/2025\/08\/Slider_04-scaled.jpg&#8220; background_enable_image=&#8220;on&#8220; global_colors_info=&#8220;{}&#8220; sticky_transition=&#8220;on&#8220;][\/et_pb_slide][et_pb_slide heading=&#8220;PRODUKTE&#8220; _builder_version=&#8220;4.27.4&#8243; _module_preset=&#8220;default&#8220; background_image=&#8220;https:\/\/apl.ag\/wp-content\/uploads\/2025\/08\/Slider_05-scaled.jpg&#8220; background_enable_image=&#8220;on&#8220; global_colors_info=&#8220;{}&#8220; sticky_transition=&#8220;on&#8220;][\/et_pb_slide][et_pb_slide heading=&#8220;PRODUKTE&#8220; _builder_version=&#8220;4.27.4&#8243; _module_preset=&#8220;default&#8220; header_level=&#8220;h1&#8243; header_font=&#8220;|||on|||||&#8220; header_font_size=&#8220;104px&#8220; header_line_height=&#8220;128px&#8220; background_image=&#8220;https:\/\/apl.ag\/wp-content\/uploads\/2025\/08\/Slider_06-scaled.jpg&#8220; background_enable_image=&#8220;on&#8220; global_colors_info=&#8220;{}&#8220; sticky_transition=&#8220;on&#8220;][\/et_pb_slide][et_pb_slide heading=&#8220;PRODUKTE&#8220; _builder_version=&#8220;4.27.4&#8243; _module_preset=&#8220;default&#8220; background_image=&#8220;https:\/\/apl.ag\/wp-content\/uploads\/2025\/08\/Slider_07-scaled.jpg&#8220; background_enable_image=&#8220;on&#8220; global_colors_info=&#8220;{}&#8220; sticky_transition=&#8220;on&#8220;][\/et_pb_slide][et_pb_slide heading=&#8220;PRODUKTE&#8220; _builder_version=&#8220;4.27.4&#8243; _module_preset=&#8220;default&#8220; background_image=&#8220;https:\/\/apl.ag\/wp-content\/uploads\/2025\/08\/Slider_08-scaled.jpg&#8220; background_enable_image=&#8220;on&#8220; global_colors_info=&#8220;{}&#8220; sticky_transition=&#8220;on&#8220;][\/et_pb_slide][et_pb_slide heading=&#8220;PRODUKTE&#8220; _builder_version=&#8220;4.27.4&#8243; _module_preset=&#8220;default&#8220; background_image=&#8220;https:\/\/apl.ag\/wp-content\/uploads\/2025\/08\/Slider_09-scaled.jpg&#8220; background_enable_image=&#8220;on&#8220; global_colors_info=&#8220;{}&#8220; sticky_transition=&#8220;on&#8220;][\/et_pb_slide][\/et_pb_fullwidth_slider][\/et_pb_section][et_pb_section fb_built=&#8220;1&#8243; custom_padding_last_edited=&#8220;off|desktop&#8220; _builder_version=&#8220;4.27.4&#8243; _module_preset=&#8220;default&#8220; background_color=&#8220;#f5f5f5&#8243; background_image=&#8220;https:\/\/apl.ag\/wp-content\/uploads\/2025\/07\/radial.webp&#8220; background_size=&#8220;initial&#8220; background_position=&#8220;center_right&#8220; custom_padding=&#8220;||||false|false&#8220; custom_padding_tablet=&#8220;14%||||false|false&#8220; custom_padding_phone=&#8220;8%||||false|false&#8220; da_disable_devices=&#8220;off|off|off&#8220; locked=&#8220;off&#8220; collapsed=&#8220;off&#8220; global_colors_info=&#8220;{}&#8220; da_is_popup=&#8220;off&#8220; da_exit_intent=&#8220;off&#8220; da_has_close=&#8220;on&#8220; da_alt_close=&#8220;off&#8220; da_dark_close=&#8220;off&#8220; da_not_modal=&#8220;on&#8220; da_is_singular=&#8220;off&#8220; da_with_loader=&#8220;off&#8220; da_has_shadow=&#8220;on&#8220;][et_pb_row module_class=&#8220;mobile-order&#8220; _builder_version=&#8220;4.27.4&#8243; _module_preset=&#8220;default&#8220; width_last_edited=&#8220;off|phone&#8220; max_width=&#8220;2560px&#8220; global_colors_info=&#8220;{}&#8220;][et_pb_column type=&#8220;4_4&#8243; _builder_version=&#8220;4.27.4&#8243; _module_preset=&#8220;default&#8220; global_colors_info=&#8220;{}&#8220;][dica_divi_carousel show_items_desktop=&#8220;1&#8243; show_items_tablet=&#8220;1&#8243; simulatetouch=&#8220;on&#8220; allowtouchmove=&#8220;on&#8220; arrow_bg_color=&#8220;RGBA(255,255,255,0)&#8220; dots_active_color=&#8220;#44d62c&#8220; overlay_color_field_bgcolor=&#8220;rgba(255,255,255,0.85)&#8220; image_force_fullwidth=&#8220;on&#8220; arrow_position=&#8220;middle-outside&#8220; arrow_alignment=&#8220;center&#8220; arrow_icon_spacing=&#8220;30px&#8220; carousel_container_padding=&#8220;||||false|false&#8220; innercontent_padding=&#8220;||60px|15px|false|false&#8220; image_container_margin=&#8220;||40px||false|false&#8220; text_margin=&#8220;20px||40px||false|false&#8220; button_margin=&#8220;||||false|false&#8220; field_enable_active_slide_design=&#8220;on&#8220; inactive_slide_bg_color_bgcolor=&#8220;RGBA(255,255,255,0)&#8220; module_class=&#8220;beckdesign-carousel beck-subtitle hide-morex&#8220; _builder_version=&#8220;4.27.4&#8243; _module_preset=&#8220;886592a7-9198-4574-bce5-855cfa4aae46&#8243; title_font_size=&#8220;24px&#8220; title_line_height=&#8220;24px&#8220; body_font_size=&#8220;16px&#8220; body_line_height=&#8220;31px&#8220; max_width=&#8220;80%&#8220; max_width_tablet=&#8220;100%&#8220; max_width_phone=&#8220;100%&#8220; max_width_last_edited=&#8220;on|phone&#8220; module_alignment=&#8220;left&#8220; locked=&#8220;off&#8220; global_colors_info=&#8220;{}&#8220;][dica_divi_carouselitem title=&#8220;Ein System. Unendliche M\u00f6glichkeiten. &#8220; field_enable_content_limit=&#8220;on&#8220; field_limit_content_length=&#8220;637&#8243; button_url_new_window=&#8220;1&#8243; content_padding=&#8220;||||false|false&#8220; button_padding=&#8220;||||false|false&#8220; custom_margin=&#8220;||||false|false&#8220; custom_padding=&#8220;||||false|false&#8220; _builder_version=&#8220;4.27.4&#8243; _module_preset=&#8220;default&#8220; global_colors_info=&#8220;{}&#8220;]<\/p>\n<p>Beleuchtung muss nicht kompliziert sein. Mit apl w\u00e4hlen Sie nicht zwischen Hunderten verschiedener Leuchten \u2013 Sie w\u00e4hlen die ben\u00f6tigte Anwendung, und unser modulares System erledigt den Rest. <\/p>\n<p>Von Einbau- und Anbau-Downlights \u00fcber Pendel-, Panel-, Schienen- oder Wandleuchten \u2013 jede Form entsteht aus demselben intelligenten Baustein.<br \/>Mit apl profitieren Sie von:<\/p>\n<ul>\n<li>Konsistente Lichtqualit\u00e4t \u2013 dasselbe architektonische Licht in jeder Anwendung. Innen oder Au\u00dfen. <\/li>\n<li>Maximale Effizienz \u2013 bis zu 180 lm\/W, Pr\u00e4zisionsoptik und keine verschwendeten Lumen.<\/li>\n<li>Integrierte Nachhaltigkeit \u2013 bis zu 90 % weniger Material, dramatisch reduzierter grauer Energie, recycelbare Komponenten und Cradle-to-Cradle-Design.<\/li>\n<li>Designfreiheit \u2013 ein System, viele Formen, unbegrenzte kreative M\u00f6glichkeiten.<br \/>Flexibilit\u00e4t f\u00fcr die Zukunft \u2013 Beleuchtungslayouts jederzeit ohne gro\u00dfen Aufwand neu konfigurieren oder erweitern.<\/li>\n<li>Einfache Installation \u2013 Plug &amp; Play-Module, optionale Vorverkabelung (Prim\u00e4r- &amp; Sekund\u00e4rseite) und Kompatibilit\u00e4t mit Standard-Geb\u00e4udesystemen.<\/li>\n<li>Intelligente Steuerung \u2013 unterst\u00fctzt alle g\u00e4ngigen Protokolle: DALI, 1\u201310V, Casambi (drahtlos), SwitchDim, Triac-Dimmung und mehr.<\/li>\n<li>Niedrigere Lebenszykluskosten \u2013 einfache Wartung mit austauschbaren Modulen, weniger SKUs f\u00fcr das Facility Management und lange Produktlebensdauer (L80B10 &gt;60.000 h).<\/li>\n<li>Bew\u00e4hrte Zuverl\u00e4ssigkeit \u2013 preisgekr\u00f6ntes System, getestet in anspruchsvollen Architekturprojekten.<\/li>\n<\/ul>\n<p>apl macht professionelle Architekturbeleuchtung zug\u00e4nglich, anpassungsf\u00e4hig und zukunftssicher \u2013 vom Einzelraum bis zu globalen Projekten.<\/p>\n<p>[\/dica_divi_carouselitem][\/dica_divi_carousel][\/et_pb_column][\/et_pb_row][et_pb_row module_class=&#8220;multiple-buttons&#8220; _builder_version=&#8220;4.27.4&#8243; _module_preset=&#8220;default&#8220; positioning=&#8220;absolute&#8220; position_origin_a=&#8220;bottom_center&#8220; max_width=&#8220;2560px&#8220; custom_padding=&#8220;|||15px|false|false&#8220; global_colors_info=&#8220;{}&#8220;][et_pb_column type=&#8220;4_4&#8243; _builder_version=&#8220;4.27.4&#8243; _module_preset=&#8220;default&#8220; global_colors_info=&#8220;{}&#8220;][et_pb_button button_url=&#8220;https:\/\/apl.ag\/wp-content\/uploads\/2025\/08\/how-it-works.pdf&#8220; url_new_window=&#8220;on&#8220; button_text=&#8220;So funktioniert&#8217;s&#8220; _builder_version=&#8220;4.27.4&#8243; _module_preset=&#8220;default&#8220; custom_button=&#8220;on&#8220; button_icon=&#8220;&#xe092;||divi||400&#8243; hover_enabled=&#8220;0&#8243; locked=&#8220;off&#8220; global_colors_info=&#8220;{}&#8220; sticky_enabled=&#8220;0&#8243;][\/et_pb_button][\/et_pb_column][\/et_pb_row][\/et_pb_section][et_pb_section fb_built=&#8220;1&#8243; _builder_version=&#8220;4.27.4&#8243; _module_preset=&#8220;default&#8220; background_color=&#8220;#f5f5f5&#8243; background_image=&#8220;https:\/\/apl.ag\/wp-content\/uploads\/2025\/07\/radial.webp&#8220; background_size=&#8220;initial&#8220; background_position=&#8220;center_right&#8220; custom_padding=&#8220;||||false|false&#8220; da_disable_devices=&#8220;off|off|off&#8220; locked=&#8220;off&#8220; global_colors_info=&#8220;{}&#8220; da_is_popup=&#8220;off&#8220; da_exit_intent=&#8220;off&#8220; da_has_close=&#8220;on&#8220; da_alt_close=&#8220;off&#8220; da_dark_close=&#8220;off&#8220; da_not_modal=&#8220;on&#8220; da_is_singular=&#8220;off&#8220; da_with_loader=&#8220;off&#8220; da_has_shadow=&#8220;on&#8220;][et_pb_row _builder_version=&#8220;4.27.4&#8243; _module_preset=&#8220;default&#8220; global_colors_info=&#8220;{}&#8220;][et_pb_column type=&#8220;4_4&#8243; _builder_version=&#8220;4.27.4&#8243; _module_preset=&#8220;default&#8220; global_colors_info=&#8220;{}&#8220;][et_pb_text _builder_version=&#8220;4.27.4&#8243; _module_preset=&#8220;default&#8220; header_font=&#8220;|700|||||||&#8220; header_font_size=&#8220;100px&#8220; header_line_height=&#8220;118px&#8220; header_2_font=&#8220;|700|||||||&#8220; global_colors_info=&#8220;{}&#8220;]<\/p>\n<h2>Unsere Produkt<em>\u00fcbersicht<\/em><\/h2>\n<p>[\/et_pb_text][\/et_pb_column][\/et_pb_row][et_pb_row column_structure=&#8220;1_2,1_2&#8243; _builder_version=&#8220;4.27.4&#8243; _module_preset=&#8220;default&#8220; global_colors_info=&#8220;{}&#8220;][et_pb_column type=&#8220;1_2&#8243; _builder_version=&#8220;4.27.4&#8243; _module_preset=&#8220;default&#8220; global_colors_info=&#8220;{}&#8220;][et_pb_blurb title=&#8220;<em>LTwo\u00ae<\/em> \u2013 Familie&#8220; image=&#8220;https:\/\/apl.ag\/wp-content\/uploads\/2025\/08\/ltwo-family-teaser-1.jpg&#8220; icon_alignment=&#8220;left&#8220; content_max_width=&#8220;1100px&#8220; _builder_version=&#8220;4.27.4&#8243; _module_preset=&#8220;default&#8220; background_enable_color=&#8220;off&#8220; width_last_edited=&#8220;off|phone&#8220; custom_padding=&#8220;|35%|||false|false&#8220; custom_padding_tablet=&#8220;|35%|||false|false&#8220; custom_padding_phone=&#8220;|0%|||false|false&#8220; custom_padding_last_edited=&#8220;on|phone&#8220; link_option_url=&#8220;https:\/\/apl.ag\/de\/produkte\/ltwo-familie\/&#8220; global_colors_info=&#8220;{}&#8220;]<\/p>\n<p>LTwo\u00ae \u2013 eine Hochleistungs-LED-Leuchte, unendliche architektonische M\u00f6glichkeiten. Pr\u00e4zisionsbeleuchtung neu definiert, bietet 12 verschiedene Optiken in einem bekannten T5-Formfaktor. <\/p>\n<p>[\/et_pb_blurb][et_pb_button button_url=&#8220;https:\/\/apl.ag\/de\/produkte\/ltwo-familie\/&#8220; button_text=&#8220;Jetzt entdecken&#8220; _builder_version=&#8220;4.27.4&#8243; _module_preset=&#8220;default&#8220; custom_margin=&#8220;||||false|false&#8220; global_colors_info=&#8220;{}&#8220;][\/et_pb_button][\/et_pb_column][et_pb_column type=&#8220;1_2&#8243; _builder_version=&#8220;4.27.4&#8243; _module_preset=&#8220;default&#8220; global_colors_info=&#8220;{}&#8220;][et_pb_blurb title=&#8220;<em>Lumami\u00ae<\/em> \u2013 Familie&#8220; image=&#8220;https:\/\/apl.ag\/wp-content\/uploads\/2025\/08\/lumami-family-teaser.jpg&#8220; icon_alignment=&#8220;left&#8220; content_max_width=&#8220;1100px&#8220; _builder_version=&#8220;4.27.4&#8243; _module_preset=&#8220;default&#8220; custom_padding=&#8220;|35%|||false|false&#8220; custom_padding_tablet=&#8220;|35%|||false|false&#8220; custom_padding_phone=&#8220;|0%|||false|false&#8220; custom_padding_last_edited=&#8220;on|phone&#8220; link_option_url=&#8220;https:\/\/apl.ag\/products\/lumami\/&#8220; global_colors_info=&#8220;{}&#8220;]<\/p>\n<p>APLs Leuchtenserie mit LTwo\u00ae; inspiriert von \u201eUmami\u201c \u2013 einzigartig, echt, unverwechselbar<\/p>\n<p>[\/et_pb_blurb][et_pb_button button_url=&#8220;https:\/\/apl.ag\/products\/lumami\/&#8220; button_text=&#8220;Jetzt entdecken&#8220; _builder_version=&#8220;4.27.4&#8243; _module_preset=&#8220;default&#8220; custom_margin=&#8220;||||false|false&#8220; global_colors_info=&#8220;{}&#8220;][\/et_pb_button][\/et_pb_column][\/et_pb_row][et_pb_row column_structure=&#8220;1_2,1_2&#8243; _builder_version=&#8220;4.27.4&#8243; _module_preset=&#8220;default&#8220; global_colors_info=&#8220;{}&#8220;][et_pb_column type=&#8220;1_2&#8243; _builder_version=&#8220;4.27.4&#8243; _module_preset=&#8220;default&#8220; global_colors_info=&#8220;{}&#8220;][et_pb_blurb title=&#8220;LTwo\u00ae \u2013 Zubeh\u00f6r&#8220; image=&#8220;https:\/\/apl.ag\/wp-content\/uploads\/2025\/08\/ltwo-accessories-teaser.jpg&#8220; icon_alignment=&#8220;left&#8220; content_max_width=&#8220;1100px&#8220; _builder_version=&#8220;4.27.4&#8243; _module_preset=&#8220;default&#8220; custom_padding=&#8220;|35%|||false|false&#8220; custom_padding_tablet=&#8220;|35%|||false|false&#8220; custom_padding_phone=&#8220;|0%|||false|false&#8220; custom_padding_last_edited=&#8220;on|phone&#8220; link_option_url=&#8220;https:\/\/apl.ag\/de\/produkte\/ltwo-zubehoer\/&#8220; global_colors_info=&#8220;{}&#8220;]<\/p>\n<p>Optimierte Komponenten, maximale Flexibilit\u00e4t \u2013 LTwo\u00ae-Zubeh\u00f6r erm\u00f6glicht unz\u00e4hlige Installationsoptionen f\u00fcr eine m\u00fchelose Materialintegration mit minimalen architektonischen Auswirkungen.<\/p>\n<p>[\/et_pb_blurb][et_pb_button button_url=&#8220;https:\/\/apl.ag\/de\/produkte\/ltwo-zubehoer\/&#8220; button_text=&#8220;Jetzt entdecken&#8220; _builder_version=&#8220;4.27.4&#8243; _module_preset=&#8220;default&#8220; custom_margin=&#8220;||||false|false&#8220; global_colors_info=&#8220;{}&#8220;][\/et_pb_button][\/et_pb_column][et_pb_column type=&#8220;1_2&#8243; _builder_version=&#8220;4.27.4&#8243; _module_preset=&#8220;default&#8220; global_colors_info=&#8220;{}&#8220;][et_pb_blurb title=&#8220;Netzteile &#038; Steuerungen&#8220; image=&#8220;https:\/\/apl.ag\/wp-content\/uploads\/2025\/08\/PSU-CC-ID-Einstieg.1602.jpg&#8220; icon_alignment=&#8220;left&#8220; content_max_width=&#8220;1100px&#8220; _builder_version=&#8220;4.27.4&#8243; _module_preset=&#8220;default&#8220; custom_padding=&#8220;|35%|||false|false&#8220; custom_padding_tablet=&#8220;|35%|||false|false&#8220; custom_padding_phone=&#8220;|0%|||false|false&#8220; custom_padding_last_edited=&#8220;on|phone&#8220; link_option_url=&#8220;https:\/\/apl.ag\/products\/power-supply-units-controls\/&#8220; global_colors_info=&#8220;{}&#8220;]<\/p>\n<p>Niederspannung. Hohe Leistung. \u2013 48V Konstantstrom- oder Konstantspannungs-LED-Treiber und intelligente Steuerungssysteme.  <\/p>\n<p>[\/et_pb_blurb][et_pb_button button_url=&#8220;https:\/\/apl.ag\/products\/power-supply-units-controls\/&#8220; button_text=&#8220;Jetzt entdecken&#8220; _builder_version=&#8220;4.27.4&#8243; _module_preset=&#8220;default&#8220; custom_margin=&#8220;||||false|false&#8220; global_colors_info=&#8220;{}&#8220;][\/et_pb_button][\/et_pb_column][\/et_pb_row][\/et_pb_section]<\/p>\n","protected":false},"excerpt":{"rendered":"<p><div class=\"et_pb_module dica_divi_carousel dica_divi_carousel_0 beckdesign-carousel beck-subtitle hide-morex\">\n\t\t\t\t\n\t\t\t\t\n\t\t\t\t\n\t\t\t\t\n\t\t\t\t\n\t\t\t\t\n\t\t\t\t<div class=\"et_pb_module_inner\">\n\t\t\t\t\t<div class=\"dica-container  desktop_middle-outside tablet_middle-outside mobile_middle-outside\" data-props='{\"desktop\":\"1\",\"tablet\":\"1\",\"mobile\":\"1\",\"speed\":\"500\",\"arrow\":\"off\",\"dots\":\"off\",\"autoplay\":\"off\",\"autoSpeed\":\"1000\",\"loop\":\"off\",\"item_spacing\":\"30\",\"center_mode\":\"off\",\"slider_effec\":\"default\",\"cover_rotate\":\"50\",\"pause_onhover\":\"off\",\"multislide\":\"off\",\"cfshadow\":\"on\",\"order\":\"0\",\"lazyload\":\"off\",\"lazybefore\":\"off\",\"scroller_effect\":\"off\",\"autowidth\":\"off\",\"item_spacing_tablet\":\"30\",\"item_spacing_phone\":\"30\",\"scroller_speed\":\"4000\",\"hashNavigation\":\"off\",\"simulatetouch\":\"on\",\"allowtouchmove\":\"on\",\"slide_row\":\"1\",\"slide_row_tablet\":\"1\",\"slide_row_phone\":\"1\",\"keyboard\":\"off\",\"mousewheel\":\"off\",\"autoplay_viewport\":\"\"}'>\n\t\t\t\t\t\t\t \t<div class=\"swiper-container\" >\n\t\t\t\t\t\t\t\t\t<div class=\"swiper-wrapper\"><\/div>\t\n\t\t\t\t\t\t\t\t<\/div>\t\n\t\t\t\t\t\t\t\t\n\t\t\t\t\t\t\t\t\t\t\t\t\t\t\n\t\t\t\t\t\t\t<\/div>\n\t\t\t\t<\/div>\n\t\t\t<\/div><div class=\"et_pb_module dica_divi_carouselitem dica_divi_carouselitem_0\">\n\t\t\t\t\n\t\t\t\t\n\t\t\t\t\n\t\t\t\t\n\t\t\t\t\n\t\t\t\t\n\t\t\t\t<div class=\"et_pb_module_inner\">\n\t\t\t\t\t <div class=\"dica-item image_top\"   data-hash=\"dica_divi_carouselitem_0\">\n\t\t\t\t\t\t\t\t\t\n\t\t\t\t\t\t\t\t\t<div class=\"dica-item-content\"><h4 class=\"item-title\">Ein System. Unendliche M\u00f6glichkeiten. <\/h4>        <\/div>\n\t\t\t\t\t\t\t<\/div>\n\t\t\t\t<\/div>\n\t\t\t<\/div>Beleuchtung muss nicht kompliziert sein. Mit [&hellip;]<\/p>\n","protected":false},"author":1,"featured_media":0,"parent":0,"menu_order":0,"comment_status":"closed","ping_status":"closed","template":"","meta":{"_acf_changed":false,"_et_pb_use_builder":"on","_et_pb_old_content":"","_et_gb_content_width":"","footnotes":""},"class_list":["post-365892","page","type-page","status-publish","hentry"],"acf":[],"yoast_head":"<!-- This site is optimized with the Yoast SEO plugin v25.8 - https:\/\/yoast.com\/wordpress\/plugins\/seo\/ -->\n<title>Produkte - apl<\/title>\n<meta name=\"robots\" content=\"index, follow, max-snippet:-1, max-image-preview:large, max-video-preview:-1\" \/>\n<link rel=\"canonical\" href=\"https:\/\/apl.ag\/de\/produkte\/\" \/>\n<meta property=\"og:locale\" content=\"de_DE\" \/>\n<meta property=\"og:type\" content=\"article\" \/>\n<meta property=\"og:title\" content=\"Produkte - apl\" \/>\n<meta property=\"og:description\" content=\"Beleuchtung muss nicht kompliziert sein. Mit [&hellip;]\" \/>\n<meta property=\"og:url\" content=\"https:\/\/apl.ag\/de\/produkte\/\" \/>\n<meta property=\"og:site_name\" content=\"apl\" \/>\n<meta property=\"article:modified_time\" content=\"2025-10-24T11:17:46+00:00\" \/>\n<meta name=\"twitter:card\" content=\"summary_large_image\" \/>\n<meta name=\"twitter:label1\" content=\"Gesch\u00e4tzte Lesezeit\" \/>\n\t<meta name=\"twitter:data1\" content=\"4\u00a0Minuten\" \/>\n<script type=\"application\/ld+json\" class=\"yoast-schema-graph\">{\"@context\":\"https:\/\/schema.org\",\"@graph\":[{\"@type\":\"WebPage\",\"@id\":\"https:\/\/apl.ag\/de\/produkte\/\",\"url\":\"https:\/\/apl.ag\/de\/produkte\/\",\"name\":\"Produkte - apl\",\"isPartOf\":{\"@id\":\"https:\/\/apl.ag\/de\/#website\"},\"datePublished\":\"2025-06-04T11:49:34+00:00\",\"dateModified\":\"2025-10-24T11:17:46+00:00\",\"breadcrumb\":{\"@id\":\"https:\/\/apl.ag\/de\/produkte\/#breadcrumb\"},\"inLanguage\":\"de\",\"potentialAction\":[{\"@type\":\"ReadAction\",\"target\":[\"https:\/\/apl.ag\/de\/produkte\/\"]}]},{\"@type\":\"BreadcrumbList\",\"@id\":\"https:\/\/apl.ag\/de\/produkte\/#breadcrumb\",\"itemListElement\":[{\"@type\":\"ListItem\",\"position\":1,\"name\":\"Home\",\"item\":\"https:\/\/apl.ag\/de\/\"},{\"@type\":\"ListItem\",\"position\":2,\"name\":\"Produkte\"}]},{\"@type\":\"WebSite\",\"@id\":\"https:\/\/apl.ag\/de\/#website\",\"url\":\"https:\/\/apl.ag\/de\/\",\"name\":\"apl DEV\",\"description\":\"all purpose lighting\",\"publisher\":{\"@id\":\"https:\/\/apl.ag\/de\/#organization\"},\"potentialAction\":[{\"@type\":\"SearchAction\",\"target\":{\"@type\":\"EntryPoint\",\"urlTemplate\":\"https:\/\/apl.ag\/de\/?s={search_term_string}\"},\"query-input\":{\"@type\":\"PropertyValueSpecification\",\"valueRequired\":true,\"valueName\":\"search_term_string\"}}],\"inLanguage\":\"de\"},{\"@type\":\"Organization\",\"@id\":\"https:\/\/apl.ag\/de\/#organization\",\"name\":\"apl DEV\",\"url\":\"https:\/\/apl.ag\/de\/\",\"logo\":{\"@type\":\"ImageObject\",\"inLanguage\":\"de\",\"@id\":\"https:\/\/apl.ag\/de\/#\/schema\/logo\/image\/\",\"url\":\"https:\/\/apl.ag\/wp-content\/uploads\/2024\/12\/logo.svg\",\"contentUrl\":\"https:\/\/apl.ag\/wp-content\/uploads\/2024\/12\/logo.svg\",\"width\":1,\"height\":1,\"caption\":\"apl DEV\"},\"image\":{\"@id\":\"https:\/\/apl.ag\/de\/#\/schema\/logo\/image\/\"}}]}<\/script>\n<!-- \/ Yoast SEO plugin. -->","yoast_head_json":{"title":"Produkte - apl","robots":{"index":"index","follow":"follow","max-snippet":"max-snippet:-1","max-image-preview":"max-image-preview:large","max-video-preview":"max-video-preview:-1"},"canonical":"https:\/\/apl.ag\/de\/produkte\/","og_locale":"de_DE","og_type":"article","og_title":"Produkte - apl","og_description":"Beleuchtung muss nicht kompliziert sein. Mit [&hellip;]","og_url":"https:\/\/apl.ag\/de\/produkte\/","og_site_name":"apl","article_modified_time":"2025-10-24T11:17:46+00:00","twitter_card":"summary_large_image","twitter_misc":{"Gesch\u00e4tzte Lesezeit":"4\u00a0Minuten"},"schema":{"@context":"https:\/\/schema.org","@graph":[{"@type":"WebPage","@id":"https:\/\/apl.ag\/de\/produkte\/","url":"https:\/\/apl.ag\/de\/produkte\/","name":"Produkte - apl","isPartOf":{"@id":"https:\/\/apl.ag\/de\/#website"},"datePublished":"2025-06-04T11:49:34+00:00","dateModified":"2025-10-24T11:17:46+00:00","breadcrumb":{"@id":"https:\/\/apl.ag\/de\/produkte\/#breadcrumb"},"inLanguage":"de","potentialAction":[{"@type":"ReadAction","target":["https:\/\/apl.ag\/de\/produkte\/"]}]},{"@type":"BreadcrumbList","@id":"https:\/\/apl.ag\/de\/produkte\/#breadcrumb","itemListElement":[{"@type":"ListItem","position":1,"name":"Home","item":"https:\/\/apl.ag\/de\/"},{"@type":"ListItem","position":2,"name":"Produkte"}]},{"@type":"WebSite","@id":"https:\/\/apl.ag\/de\/#website","url":"https:\/\/apl.ag\/de\/","name":"apl DEV","description":"all purpose lighting","publisher":{"@id":"https:\/\/apl.ag\/de\/#organization"},"potentialAction":[{"@type":"SearchAction","target":{"@type":"EntryPoint","urlTemplate":"https:\/\/apl.ag\/de\/?s={search_term_string}"},"query-input":{"@type":"PropertyValueSpecification","valueRequired":true,"valueName":"search_term_string"}}],"inLanguage":"de"},{"@type":"Organization","@id":"https:\/\/apl.ag\/de\/#organization","name":"apl DEV","url":"https:\/\/apl.ag\/de\/","logo":{"@type":"ImageObject","inLanguage":"de","@id":"https:\/\/apl.ag\/de\/#\/schema\/logo\/image\/","url":"https:\/\/apl.ag\/wp-content\/uploads\/2024\/12\/logo.svg","contentUrl":"https:\/\/apl.ag\/wp-content\/uploads\/2024\/12\/logo.svg","width":1,"height":1,"caption":"apl DEV"},"image":{"@id":"https:\/\/apl.ag\/de\/#\/schema\/logo\/image\/"}}]}},"_links":{"self":[{"href":"https:\/\/apl.ag\/de\/wp-json\/wp\/v2\/pages\/365892","targetHints":{"allow":["GET"]}}],"collection":[{"href":"https:\/\/apl.ag\/de\/wp-json\/wp\/v2\/pages"}],"about":[{"href":"https:\/\/apl.ag\/de\/wp-json\/wp\/v2\/types\/page"}],"author":[{"embeddable":true,"href":"https:\/\/apl.ag\/de\/wp-json\/wp\/v2\/users\/1"}],"replies":[{"embeddable":true,"href":"https:\/\/apl.ag\/de\/wp-json\/wp\/v2\/comments?post=365892"}],"version-history":[{"count":7,"href":"https:\/\/apl.ag\/de\/wp-json\/wp\/v2\/pages\/365892\/revisions"}],"predecessor-version":[{"id":366508,"href":"https:\/\/apl.ag\/de\/wp-json\/wp\/v2\/pages\/365892\/revisions\/366508"}],"wp:attachment":[{"href":"https:\/\/apl.ag\/de\/wp-json\/wp\/v2\/media?parent=365892"}],"curies":[{"name":"wp","href":"https:\/\/api.w.org\/{rel}","templated":true}]}}