{"id":366064,"date":"2025-06-04T13:58:25","date_gmt":"2025-06-04T11:58:25","guid":{"rendered":"https:\/\/apl.ag\/produkte\/lumami\/lumami-desk\/"},"modified":"2025-10-24T09:35:46","modified_gmt":"2025-10-24T07:35:46","slug":"lumami-desk","status":"publish","type":"page","link":"https:\/\/apl.ag\/de\/produkte\/lumami\/lumami-desk\/","title":{"rendered":"Lumami\u00ae DESK"},"content":{"rendered":"<p>[et_pb_section fb_built=&#8220;1&#8243; custom_padding_last_edited=&#8220;on|phone&#8220; _builder_version=&#8220;4.27.4&#8243; _module_preset=&#8220;default&#8220; background_color=&#8220;#f5f5f5&#8243; background_image=&#8220;https:\/\/apl.ag\/wp-content\/uploads\/2025\/07\/radial.webp&#8220; background_size=&#8220;initial&#8220; background_position=&#8220;center_right&#8220; custom_padding=&#8220;14%||||false|false&#8220; custom_padding_tablet=&#8220;14%||||false|false&#8220; custom_padding_phone=&#8220;8%||||false|false&#8220; da_disable_devices=&#8220;off|off|off&#8220; locked=&#8220;off&#8220; global_colors_info=&#8220;{}&#8220; da_is_popup=&#8220;off&#8220; da_exit_intent=&#8220;off&#8220; da_has_close=&#8220;on&#8220; da_alt_close=&#8220;off&#8220; da_dark_close=&#8220;off&#8220; da_not_modal=&#8220;on&#8220; da_is_singular=&#8220;off&#8220; da_with_loader=&#8220;off&#8220; da_has_shadow=&#8220;on&#8220;][et_pb_row column_structure=&#8220;3_5,2_5&#8243; module_class=&#8220;mobile-order&#8220; _builder_version=&#8220;4.27.4&#8243; _module_preset=&#8220;default&#8220; max_width=&#8220;2560px&#8220; global_colors_info=&#8220;{}&#8220;][et_pb_column type=&#8220;3_5&#8243; _builder_version=&#8220;4.27.4&#8243; _module_preset=&#8220;default&#8220; global_colors_info=&#8220;{}&#8220;][et_pb_text _builder_version=&#8220;4.27.4&#8243; _module_preset=&#8220;default&#8220; header_font=&#8220;|700|||||||&#8220; header_font_size=&#8220;100px&#8220; header_line_height=&#8220;118px&#8220; header_2_font=&#8220;|700|||||||&#8220; global_colors_info=&#8220;{}&#8220;]<\/p>\n<h1>Lumami\u00ae <em>DESK<\/em><\/h1>\n<h2>F\u00fcr LTwo\u00ae MAGNETIC<\/h2>\n<p>[\/et_pb_text][dica_divi_carousel show_items_desktop=&#8220;1&#8243; show_items_tablet=&#8220;1&#8243; item_vertical_align=&#8220;flex-start&#8220; simulatetouch=&#8220;on&#8220; allowtouchmove=&#8220;on&#8220; arrow_bg_color=&#8220;RGBA(255,255,255,0)&#8220; dots_active_color=&#8220;#44d62c&#8220; overlay_color_field_bgcolor=&#8220;rgba(255,255,255,0.85)&#8220; image_force_fullwidth=&#8220;on&#8220; arrow_position=&#8220;middle-outside&#8220; arrow_alignment=&#8220;center&#8220; arrow_icon_spacing=&#8220;30px&#8220; carousel_container_padding=&#8220;||||false|false&#8220; innercontent_padding=&#8220;|||15px|false|false&#8220; image_container_margin=&#8220;||||false|false&#8220; text_margin=&#8220;20px||||false|false&#8220; button_margin=&#8220;||||false|false&#8220; field_enable_active_slide_design=&#8220;on&#8220; inactive_slide_bg_color_bgcolor=&#8220;RGBA(255,255,255,0)&#8220; module_class=&#8220;beckdesign-carousel beck-subtitle hide-morex&#8220; _builder_version=&#8220;4.27.4&#8243; _module_preset=&#8220;886592a7-9198-4574-bce5-855cfa4aae46&#8243; title_font_size=&#8220;24px&#8220; title_line_height=&#8220;24px&#8220; body_font_size=&#8220;16px&#8220; body_line_height=&#8220;31px&#8220; max_width=&#8220;80%&#8220; module_alignment=&#8220;left&#8220; locked=&#8220;off&#8220; global_colors_info=&#8220;{}&#8220;][dica_divi_carouselitem field_enable_content_limit=&#8220;off&#8220; button_url_new_window=&#8220;1&#8243; _builder_version=&#8220;4.27.4&#8243; _module_preset=&#8220;default&#8220; global_colors_info=&#8220;{}&#8220;]<\/p>\n<p>Lumami\u00ae DESK mit Pr\u00e4senzmelder und USB-C-Ladefunktion. Die Schreibtischlampe kann mit der dekorativen Fernbedienung gedimmt werden. Die Lumami\u00ae DESK Standalone verf\u00fcgt \u00fcber eine Stiftablage und kann \u00fcberall auf dem Schreibtisch platziert werden. Die Lumami\u00ae DESK Clamp kann mit der integrierten Klemme am Schreibtisch befestigt werden. Die Leuchte wird \u00fcber das im Lieferumfang enthaltene Steckernetzteil betrieben. Kompatibel mit allen LTwo\u00ae MAG in 12 W Konstantspannung und einer L\u00e4nge von 842\u20131402 mm.     <\/p>\n<p>[\/dica_divi_carouselitem][\/dica_divi_carousel][et_pb_button button_url=&#8220;https:\/\/apl.ag\/wp-content\/uploads\/2025\/08\/APL_Lumami_DESK_Datasheet.pdf&#8220; url_new_window=&#8220;on&#8220; button_text=&#8220;Datenblatt&#8220; _builder_version=&#8220;4.27.4&#8243; _module_preset=&#8220;default&#8220; custom_button=&#8220;on&#8220; button_icon=&#8220;&#xe092;||divi||400&#8243; custom_padding=&#8220;||||false|false&#8220; global_colors_info=&#8220;{}&#8220;][\/et_pb_button][\/et_pb_column][et_pb_column type=&#8220;2_5&#8243; _builder_version=&#8220;4.27.4&#8243; _module_preset=&#8220;default&#8220; global_colors_info=&#8220;{}&#8220;][et_pb_image src=&#8220;https:\/\/apl.ag\/wp-content\/uploads\/2025\/02\/Lumami_Desk-scaled.png&#8220; title_text=&#8220;Lumami_Desk&#8220; _builder_version=&#8220;4.27.4&#8243; _module_preset=&#8220;default&#8220; transform_scale=&#8220;165%|165%&#8220; transform_scale_tablet=&#8220;100%|100%&#8220; transform_scale_phone=&#8220;100%|100%&#8220; transform_scale_last_edited=&#8220;on|desktop&#8220; transform_translate_tablet=&#8220;0px|0px&#8220; transform_translate_phone=&#8220;0px|0px&#8220; transform_translate_last_edited=&#8220;on|phone&#8220; transform_translate_linked=&#8220;off&#8220; transform_rotate=&#8220;0deg|180deg|0deg&#8220; transform_rotate_tablet=&#8220;&#8220; transform_rotate_phone=&#8220;&#8220; transform_rotate_last_edited=&#8220;on|desktop&#8220; transform_skew_tablet=&#8220;&#8220; transform_skew_phone=&#8220;&#8220; transform_skew_last_edited=&#8220;on|desktop&#8220; transform_origin_tablet=&#8220;&#8220; transform_origin_phone=&#8220;&#8220; transform_origin_last_edited=&#8220;on|desktop&#8220; transform_styles_last_edited=&#8220;on|phone&#8220; transform_styles_tablet=&#8220;&#8220; transform_styles_phone=&#8220;&#8220; global_colors_info=&#8220;{}&#8220;][\/et_pb_image][\/et_pb_column][\/et_pb_row][\/et_pb_section][et_pb_section fb_built=&#8220;1&#8243; disabled_on=&#8220;on|on|on&#8220; _builder_version=&#8220;4.27.4&#8243; _module_preset=&#8220;default&#8220; da_disable_devices=&#8220;off|off|off&#8220; disabled=&#8220;on&#8220; global_colors_info=&#8220;{}&#8220; da_is_popup=&#8220;off&#8220; da_exit_intent=&#8220;off&#8220; da_has_close=&#8220;on&#8220; da_alt_close=&#8220;off&#8220; da_dark_close=&#8220;off&#8220; da_not_modal=&#8220;on&#8220; da_is_singular=&#8220;off&#8220; da_with_loader=&#8220;off&#8220; da_has_shadow=&#8220;on&#8220;][et_pb_row _builder_version=&#8220;4.27.4&#8243; _module_preset=&#8220;default&#8220; global_colors_info=&#8220;{}&#8220;][et_pb_column type=&#8220;4_4&#8243; _builder_version=&#8220;4.27.4&#8243; _module_preset=&#8220;default&#8220; global_colors_info=&#8220;{}&#8220;][et_pb_text _builder_version=&#8220;4.27.4&#8243; _module_preset=&#8220;default&#8220; text_orientation=&#8220;center&#8220; custom_margin=&#8220;||0px||false|false&#8220; global_colors_info=&#8220;{}&#8220;]<\/p>\n<h2>Produkt\u00fcbersicht<\/h2>\n<p>[\/et_pb_text][et_pb_tabs active_tab_background_color=&#8220;#44D62C&#8220; inactive_tab_background_color=&#8220;#FFFFFF&#8220; active_tab_text_color=&#8220;#FFFFFF&#8220; module_class=&#8220;lumami-tab&#8220; _builder_version=&#8220;4.27.4&#8243; _module_preset=&#8220;default&#8220; tab_text_color=&#8220;#252525&#8243; background_enable_color=&#8220;off&#8220; border_width_all=&#8220;0px&#8220; global_colors_info=&#8220;{}&#8220;][et_pb_tab title=&#8220;Konstantstrom&#8220; _builder_version=&#8220;4.27.4&#8243; _module_preset=&#8220;default&#8220; global_colors_info=&#8220;{}&#8220;]<\/p>\n[et_pb_section global_module=\"357473\"][\/et_pb_section]\n<p>[\/et_pb_tab][et_pb_tab title=&#8220;Konstantspannung&#8220; _builder_version=&#8220;4.27.4&#8243; _module_preset=&#8220;default&#8220; global_colors_info=&#8220;{}&#8220;][et_pb_section global_module=\"357473\"][\/et_pb_section][\/et_pb_tab][\/et_pb_tabs][\/et_pb_column][\/et_pb_row][\/et_pb_section][et_pb_section fb_built=&#8220;1&#8243; _builder_version=&#8220;4.27.4&#8243; _module_preset=&#8220;default&#8220; da_disable_devices=&#8220;off|off|off&#8220; global_colors_info=&#8220;{}&#8220; da_is_popup=&#8220;off&#8220; da_exit_intent=&#8220;off&#8220; da_has_close=&#8220;on&#8220; da_alt_close=&#8220;off&#8220; da_dark_close=&#8220;off&#8220; da_not_modal=&#8220;on&#8220; da_is_singular=&#8220;off&#8220; da_with_loader=&#8220;off&#8220; da_has_shadow=&#8220;on&#8220;][et_pb_row _builder_version=&#8220;4.27.4&#8243; _module_preset=&#8220;default&#8220; locked=&#8220;off&#8220; global_colors_info=&#8220;{}&#8220;][et_pb_column type=&#8220;4_4&#8243; _builder_version=&#8220;4.27.4&#8243; _module_preset=&#8220;default&#8220; global_colors_info=&#8220;{}&#8220;][et_pb_text _builder_version=&#8220;4.27.4&#8243; _module_preset=&#8220;default&#8220; global_colors_info=&#8220;{}&#8220;]<\/p>\n<h3>Erfahren Sie mehr \u00fcber <em>lumami\u00ae<\/em><\/h3>\n<p>[\/et_pb_text][dica_divi_carousel show_items_desktop=&#8220;2.2&#8243; show_items_tablet=&#8220;2&#8243; loop=&#8220;on&#8220; arrow_nav=&#8220;on&#8220; dot_nav=&#8220;on&#8220; dot_alignment=&#8220;left&#8220; field_large_active_bullet=&#8220;on&#8220; equal_height=&#8220;on&#8220; overlay_image=&#8220;on&#8220; overlay_icon_color=&#8220;#44D62C&#8220; arrow_bg_color=&#8220;RGBA(255,255,255,0)&#8220; dots_active_color=&#8220;#44d62c&#8220; overlay_color_field_bgcolor=&#8220;rgba(255,255,255,0.85)&#8220; use_overlay_icon=&#8220;on&#8220; overlay_icon=&#8220;&#xf067;||fa||900&#8243; image_force_fullwidth=&#8220;on&#8220; arrow_position=&#8220;middle-outside&#8220; arrow_alignment=&#8220;center&#8220; arrow_icon_spacing=&#8220;30px&#8220; carousel_container_padding=&#8220;||||false|false&#8220; innercontent_padding=&#8220;||60px|15px|false|false&#8220; image_container_margin=&#8220;||40px||false|false&#8220; text_margin=&#8220;||40px||false|false&#8220; field_enable_active_slide_design=&#8220;on&#8220; inactive_slide_bg_color_bgcolor=&#8220;RGBA(255,255,255,0)&#8220; module_class=&#8220;beckdesign-carousel white-bg &#8220; _builder_version=&#8220;4.27.4&#8243; _module_preset=&#8220;886592a7-9198-4574-bce5-855cfa4aae46&#8243; title_font_size=&#8220;24px&#8220; title_line_height=&#8220;24px&#8220; body_font_size=&#8220;16px&#8220; body_line_height=&#8220;31px&#8220; locked=&#8220;off&#8220; global_colors_info=&#8220;{}&#8220;][dica_divi_carouselitem title=&#8220;Lumami\u00ae CEILING&#8220; field_enable_content_limit=&#8220;off&#8220; button_url_new_window=&#8220;1&#8243; image=&#8220;https:\/\/apl.ag\/wp-content\/uploads\/2025\/08\/Lumami_CEILING_04.jpg&#8220; image_lightbox=&#8220;on&#8220; _builder_version=&#8220;4.27.4&#8243; _module_preset=&#8220;default&#8220; global_colors_info=&#8220;{}&#8220;][\/dica_divi_carouselitem][dica_divi_carouselitem title=&#8220;Lumami\u00ae PANEL&#8220; field_enable_content_limit=&#8220;off&#8220; button_url_new_window=&#8220;1&#8243; image=&#8220;https:\/\/apl.ag\/wp-content\/uploads\/2025\/02\/Lumami-PANEL.jpg&#8220; image_lightbox=&#8220;on&#8220; _builder_version=&#8220;4.27.4&#8243; _module_preset=&#8220;default&#8220; global_colors_info=&#8220;{}&#8220;][\/dica_divi_carouselitem][dica_divi_carouselitem title=&#8220;Lumami\u00ae DESK&#8220; field_enable_content_limit=&#8220;off&#8220; button_url_new_window=&#8220;1&#8243; image=&#8220;https:\/\/apl.ag\/wp-content\/uploads\/2025\/02\/3-Lumami-Desk-auf-Weiss.jpg&#8220; image_lightbox=&#8220;on&#8220; _builder_version=&#8220;4.27.4&#8243; _module_preset=&#8220;default&#8220; global_colors_info=&#8220;{}&#8220;][\/dica_divi_carouselitem][dica_divi_carouselitem title=&#8220;Lumami\u00ae HV TRACK&#8220; field_enable_content_limit=&#8220;off&#8220; button_url_new_window=&#8220;1&#8243; image=&#8220;https:\/\/apl.ag\/wp-content\/uploads\/2025\/02\/Lumami-Track-DETAIL.jpg&#8220; image_lightbox=&#8220;on&#8220; _builder_version=&#8220;4.27.4&#8243; _module_preset=&#8220;default&#8220; global_colors_info=&#8220;{}&#8220;][\/dica_divi_carouselitem][dica_divi_carouselitem title=&#8220;Lumami\u00ae LV TRACK&#8220; field_enable_content_limit=&#8220;off&#8220; button_url_new_window=&#8220;1&#8243; image=&#8220;https:\/\/apl.ag\/wp-content\/uploads\/2025\/08\/Lumami_LV_TRACK_01-scaled.jpg&#8220; image_lightbox=&#8220;on&#8220; _builder_version=&#8220;4.27.4&#8243; _module_preset=&#8220;default&#8220; global_colors_info=&#8220;{}&#8220;][\/dica_divi_carouselitem][dica_divi_carouselitem title=&#8220;Lumami\u00ae OUTDOOR&#8220; field_enable_content_limit=&#8220;off&#8220; button_url_new_window=&#8220;1&#8243; image=&#8220;https:\/\/apl.ag\/wp-content\/uploads\/2025\/02\/LTwo-Outdoor-Canopy.jpg&#8220; image_lightbox=&#8220;on&#8220; _builder_version=&#8220;4.27.4&#8243; _module_preset=&#8220;default&#8220; global_colors_info=&#8220;{}&#8220;][\/dica_divi_carouselitem][dica_divi_carouselitem title=&#8220;Lumami\u00ae DIY&#8220; field_enable_content_limit=&#8220;off&#8220; button_url_new_window=&#8220;1&#8243; image=&#8220;https:\/\/apl.ag\/wp-content\/uploads\/2025\/02\/CLIMAR-Lumami-WALL.jpg&#8220; image_lightbox=&#8220;on&#8220; _builder_version=&#8220;4.27.4&#8243; _module_preset=&#8220;default&#8220; global_colors_info=&#8220;{}&#8220;][\/dica_divi_carouselitem][\/dica_divi_carousel][\/et_pb_column][\/et_pb_row][\/et_pb_section]<\/p>\n","protected":false},"excerpt":{"rendered":"<p>Lumami\u00ae DESK F\u00fcr LTwo\u00ae MAGNETIC<div class=\"et_pb_module dica_divi_carousel dica_divi_carousel_0 beckdesign-carousel beck-subtitle hide-morex\">\n\t\t\t\t\n\t\t\t\t\n\t\t\t\t\n\t\t\t\t\n\t\t\t\t\n\t\t\t\t\n\t\t\t\t<div class=\"et_pb_module_inner\">\n\t\t\t\t\t<div class=\"dica-container  desktop_middle-outside tablet_middle-outside mobile_middle-outside\" data-props='{\"desktop\":\"1\",\"tablet\":\"1\",\"mobile\":\"1\",\"speed\":\"500\",\"arrow\":\"off\",\"dots\":\"off\",\"autoplay\":\"off\",\"autoSpeed\":\"1000\",\"loop\":\"off\",\"item_spacing\":\"30\",\"center_mode\":\"off\",\"slider_effec\":\"default\",\"cover_rotate\":\"50\",\"pause_onhover\":\"off\",\"multislide\":\"off\",\"cfshadow\":\"on\",\"order\":\"0\",\"lazyload\":\"off\",\"lazybefore\":\"off\",\"scroller_effect\":\"off\",\"autowidth\":\"off\",\"item_spacing_tablet\":\"30\",\"item_spacing_phone\":\"30\",\"scroller_speed\":\"4000\",\"hashNavigation\":\"off\",\"simulatetouch\":\"on\",\"allowtouchmove\":\"on\",\"slide_row\":\"1\",\"slide_row_tablet\":\"1\",\"slide_row_phone\":\"1\",\"keyboard\":\"off\",\"mousewheel\":\"off\",\"autoplay_viewport\":\"\"}'>\n\t\t\t\t\t\t\t \t<div class=\"swiper-container\" >\n\t\t\t\t\t\t\t\t\t<div class=\"swiper-wrapper\"><\/div>\t\n\t\t\t\t\t\t\t\t<\/div>\t\n\t\t\t\t\t\t\t\t\n\t\t\t\t\t\t\t\t\t\t\t\t\t\t\n\t\t\t\t\t\t\t<\/div>\n\t\t\t\t<\/div>\n\t\t\t<\/div><div class=\"et_pb_module dica_divi_carouselitem dica_divi_carouselitem_0\">\n\t\t\t\t\n\t\t\t\t\n\t\t\t\t\n\t\t\t\t\n\t\t\t\t\n\t\t\t\t\n\t\t\t\t<div class=\"et_pb_module_inner\">\n\t\t\t\t\t <div class=\"dica-item empty-content image_top\"   data-hash=\"dica_divi_carouselitem_0\">\n\t\t\t\t\t\t\t\t\t\n\t\t\t\t\t\t\t\t\t\n\t\t\t\t\t\t\t<\/div>\n\t\t\t\t<\/div>\n\t\t\t<\/div>Lumami\u00ae DESK mit Pr\u00e4senzmelder und USB-C-Ladefunktion. Die Schreibtischlampe kann mit der dekorativen Fernbedienung gedimmt [&hellip;]<\/p>\n","protected":false},"author":1,"featured_media":0,"parent":366054,"menu_order":0,"comment_status":"closed","ping_status":"closed","template":"","meta":{"_acf_changed":false,"_et_pb_use_builder":"on","_et_pb_old_content":"","_et_gb_content_width":"","footnotes":""},"class_list":["post-366064","page","type-page","status-publish","hentry"],"acf":[],"yoast_head":"<!-- This site is optimized with the Yoast SEO plugin v25.8 - https:\/\/yoast.com\/wordpress\/plugins\/seo\/ -->\n<title>Lumami\u00ae DESK - apl<\/title>\n<meta name=\"robots\" content=\"index, follow, max-snippet:-1, max-image-preview:large, max-video-preview:-1\" \/>\n<link rel=\"canonical\" href=\"https:\/\/apl.ag\/de\/produkte\/lumami\/lumami-desk\/\" \/>\n<meta property=\"og:locale\" content=\"de_DE\" \/>\n<meta property=\"og:type\" content=\"article\" \/>\n<meta property=\"og:title\" content=\"Lumami\u00ae DESK - apl\" \/>\n<meta property=\"og:description\" content=\"Lumami\u00ae DESK F\u00fcr LTwo\u00ae MAGNETICLumami\u00ae DESK mit Pr\u00e4senzmelder und USB-C-Ladefunktion. Die Schreibtischlampe kann mit der dekorativen Fernbedienung gedimmt [&hellip;]\" \/>\n<meta property=\"og:url\" content=\"https:\/\/apl.ag\/de\/produkte\/lumami\/lumami-desk\/\" \/>\n<meta property=\"og:site_name\" content=\"apl\" \/>\n<meta property=\"article:modified_time\" content=\"2025-10-24T07:35:46+00:00\" \/>\n<meta name=\"twitter:card\" content=\"summary_large_image\" \/>\n<meta name=\"twitter:label1\" content=\"Gesch\u00e4tzte Lesezeit\" \/>\n\t<meta name=\"twitter:data1\" content=\"3\u00a0Minuten\" \/>\n<script type=\"application\/ld+json\" class=\"yoast-schema-graph\">{\"@context\":\"https:\/\/schema.org\",\"@graph\":[{\"@type\":\"WebPage\",\"@id\":\"https:\/\/apl.ag\/de\/produkte\/lumami\/lumami-desk\/\",\"url\":\"https:\/\/apl.ag\/de\/produkte\/lumami\/lumami-desk\/\",\"name\":\"Lumami\u00ae DESK - apl\",\"isPartOf\":{\"@id\":\"https:\/\/apl.ag\/de\/#website\"},\"datePublished\":\"2025-06-04T11:58:25+00:00\",\"dateModified\":\"2025-10-24T07:35:46+00:00\",\"breadcrumb\":{\"@id\":\"https:\/\/apl.ag\/de\/produkte\/lumami\/lumami-desk\/#breadcrumb\"},\"inLanguage\":\"de\",\"potentialAction\":[{\"@type\":\"ReadAction\",\"target\":[\"https:\/\/apl.ag\/de\/produkte\/lumami\/lumami-desk\/\"]}]},{\"@type\":\"BreadcrumbList\",\"@id\":\"https:\/\/apl.ag\/de\/produkte\/lumami\/lumami-desk\/#breadcrumb\",\"itemListElement\":[{\"@type\":\"ListItem\",\"position\":1,\"name\":\"Home\",\"item\":\"https:\/\/apl.ag\/de\/\"},{\"@type\":\"ListItem\",\"position\":2,\"name\":\"Produkte\",\"item\":\"https:\/\/apl.ag\/de\/produkte\/\"},{\"@type\":\"ListItem\",\"position\":3,\"name\":\"Lumami\u00ae\",\"item\":\"https:\/\/apl.ag\/de\/produkte\/lumami\/\"},{\"@type\":\"ListItem\",\"position\":4,\"name\":\"Lumami\u00ae DESK\"}]},{\"@type\":\"WebSite\",\"@id\":\"https:\/\/apl.ag\/de\/#website\",\"url\":\"https:\/\/apl.ag\/de\/\",\"name\":\"apl DEV\",\"description\":\"all purpose lighting\",\"publisher\":{\"@id\":\"https:\/\/apl.ag\/de\/#organization\"},\"potentialAction\":[{\"@type\":\"SearchAction\",\"target\":{\"@type\":\"EntryPoint\",\"urlTemplate\":\"https:\/\/apl.ag\/de\/?s={search_term_string}\"},\"query-input\":{\"@type\":\"PropertyValueSpecification\",\"valueRequired\":true,\"valueName\":\"search_term_string\"}}],\"inLanguage\":\"de\"},{\"@type\":\"Organization\",\"@id\":\"https:\/\/apl.ag\/de\/#organization\",\"name\":\"apl DEV\",\"url\":\"https:\/\/apl.ag\/de\/\",\"logo\":{\"@type\":\"ImageObject\",\"inLanguage\":\"de\",\"@id\":\"https:\/\/apl.ag\/de\/#\/schema\/logo\/image\/\",\"url\":\"https:\/\/apl.ag\/wp-content\/uploads\/2024\/12\/logo.svg\",\"contentUrl\":\"https:\/\/apl.ag\/wp-content\/uploads\/2024\/12\/logo.svg\",\"width\":1,\"height\":1,\"caption\":\"apl DEV\"},\"image\":{\"@id\":\"https:\/\/apl.ag\/de\/#\/schema\/logo\/image\/\"}}]}<\/script>\n<!-- \/ Yoast SEO plugin. -->","yoast_head_json":{"title":"Lumami\u00ae DESK - apl","robots":{"index":"index","follow":"follow","max-snippet":"max-snippet:-1","max-image-preview":"max-image-preview:large","max-video-preview":"max-video-preview:-1"},"canonical":"https:\/\/apl.ag\/de\/produkte\/lumami\/lumami-desk\/","og_locale":"de_DE","og_type":"article","og_title":"Lumami\u00ae DESK - apl","og_description":"Lumami\u00ae DESK F\u00fcr LTwo\u00ae MAGNETICLumami\u00ae DESK mit Pr\u00e4senzmelder und USB-C-Ladefunktion. Die Schreibtischlampe kann mit der dekorativen Fernbedienung gedimmt [&hellip;]","og_url":"https:\/\/apl.ag\/de\/produkte\/lumami\/lumami-desk\/","og_site_name":"apl","article_modified_time":"2025-10-24T07:35:46+00:00","twitter_card":"summary_large_image","twitter_misc":{"Gesch\u00e4tzte Lesezeit":"3\u00a0Minuten"},"schema":{"@context":"https:\/\/schema.org","@graph":[{"@type":"WebPage","@id":"https:\/\/apl.ag\/de\/produkte\/lumami\/lumami-desk\/","url":"https:\/\/apl.ag\/de\/produkte\/lumami\/lumami-desk\/","name":"Lumami\u00ae DESK - apl","isPartOf":{"@id":"https:\/\/apl.ag\/de\/#website"},"datePublished":"2025-06-04T11:58:25+00:00","dateModified":"2025-10-24T07:35:46+00:00","breadcrumb":{"@id":"https:\/\/apl.ag\/de\/produkte\/lumami\/lumami-desk\/#breadcrumb"},"inLanguage":"de","potentialAction":[{"@type":"ReadAction","target":["https:\/\/apl.ag\/de\/produkte\/lumami\/lumami-desk\/"]}]},{"@type":"BreadcrumbList","@id":"https:\/\/apl.ag\/de\/produkte\/lumami\/lumami-desk\/#breadcrumb","itemListElement":[{"@type":"ListItem","position":1,"name":"Home","item":"https:\/\/apl.ag\/de\/"},{"@type":"ListItem","position":2,"name":"Produkte","item":"https:\/\/apl.ag\/de\/produkte\/"},{"@type":"ListItem","position":3,"name":"Lumami\u00ae","item":"https:\/\/apl.ag\/de\/produkte\/lumami\/"},{"@type":"ListItem","position":4,"name":"Lumami\u00ae DESK"}]},{"@type":"WebSite","@id":"https:\/\/apl.ag\/de\/#website","url":"https:\/\/apl.ag\/de\/","name":"apl DEV","description":"all purpose lighting","publisher":{"@id":"https:\/\/apl.ag\/de\/#organization"},"potentialAction":[{"@type":"SearchAction","target":{"@type":"EntryPoint","urlTemplate":"https:\/\/apl.ag\/de\/?s={search_term_string}"},"query-input":{"@type":"PropertyValueSpecification","valueRequired":true,"valueName":"search_term_string"}}],"inLanguage":"de"},{"@type":"Organization","@id":"https:\/\/apl.ag\/de\/#organization","name":"apl DEV","url":"https:\/\/apl.ag\/de\/","logo":{"@type":"ImageObject","inLanguage":"de","@id":"https:\/\/apl.ag\/de\/#\/schema\/logo\/image\/","url":"https:\/\/apl.ag\/wp-content\/uploads\/2024\/12\/logo.svg","contentUrl":"https:\/\/apl.ag\/wp-content\/uploads\/2024\/12\/logo.svg","width":1,"height":1,"caption":"apl DEV"},"image":{"@id":"https:\/\/apl.ag\/de\/#\/schema\/logo\/image\/"}}]}},"_links":{"self":[{"href":"https:\/\/apl.ag\/de\/wp-json\/wp\/v2\/pages\/366064","targetHints":{"allow":["GET"]}}],"collection":[{"href":"https:\/\/apl.ag\/de\/wp-json\/wp\/v2\/pages"}],"about":[{"href":"https:\/\/apl.ag\/de\/wp-json\/wp\/v2\/types\/page"}],"author":[{"embeddable":true,"href":"https:\/\/apl.ag\/de\/wp-json\/wp\/v2\/users\/1"}],"replies":[{"embeddable":true,"href":"https:\/\/apl.ag\/de\/wp-json\/wp\/v2\/comments?post=366064"}],"version-history":[{"count":3,"href":"https:\/\/apl.ag\/de\/wp-json\/wp\/v2\/pages\/366064\/revisions"}],"predecessor-version":[{"id":366333,"href":"https:\/\/apl.ag\/de\/wp-json\/wp\/v2\/pages\/366064\/revisions\/366333"}],"up":[{"embeddable":true,"href":"https:\/\/apl.ag\/de\/wp-json\/wp\/v2\/pages\/366054"}],"wp:attachment":[{"href":"https:\/\/apl.ag\/de\/wp-json\/wp\/v2\/media?parent=366064"}],"curies":[{"name":"wp","href":"https:\/\/api.w.org\/{rel}","templated":true}]}}