{"id":366109,"date":"2025-06-04T13:55:32","date_gmt":"2025-06-04T11:55:32","guid":{"rendered":"https:\/\/apl.ag\/produkte\/netzteile-steuerungen\/"},"modified":"2025-10-24T09:37:30","modified_gmt":"2025-10-24T07:37:30","slug":"netzteile-steuerungen","status":"publish","type":"page","link":"https:\/\/apl.ag\/de\/produkte\/netzteile-steuerungen\/","title":{"rendered":"Netzteile &amp; Steuerungen"},"content":{"rendered":"<p>[et_pb_section fb_built=&#8220;1&#8243; _builder_version=&#8220;4.27.4&#8243; _module_preset=&#8220;default&#8220; background_color=&#8220;#f5f5f5&#8243; background_image=&#8220;https:\/\/apl.ag\/wp-content\/uploads\/2025\/07\/radial.webp&#8220; background_size=&#8220;initial&#8220; background_position=&#8220;center_right&#8220; custom_padding=&#8220;14%||||false|false&#8220; da_disable_devices=&#8220;off|off|off&#8220; locked=&#8220;off&#8220; global_colors_info=&#8220;{}&#8220; da_is_popup=&#8220;off&#8220; da_exit_intent=&#8220;off&#8220; da_has_close=&#8220;on&#8220; da_alt_close=&#8220;off&#8220; da_dark_close=&#8220;off&#8220; da_not_modal=&#8220;on&#8220; da_is_singular=&#8220;off&#8220; da_with_loader=&#8220;off&#8220; da_has_shadow=&#8220;on&#8220;][et_pb_row column_structure=&#8220;3_5,2_5&#8243; _builder_version=&#8220;4.27.4&#8243; _module_preset=&#8220;default&#8220; max_width=&#8220;2560px&#8220; global_colors_info=&#8220;{}&#8220;][et_pb_column type=&#8220;3_5&#8243; _builder_version=&#8220;4.27.4&#8243; _module_preset=&#8220;default&#8220; global_colors_info=&#8220;{}&#8220;][et_pb_text _builder_version=&#8220;4.27.4&#8243; _module_preset=&#8220;default&#8220; header_font=&#8220;|700|||||||&#8220; header_font_size=&#8220;100px&#8220; header_line_height=&#8220;118px&#8220; header_2_font=&#8220;|700|||||||&#8220; global_colors_info=&#8220;{}&#8220;]<\/p>\n<h1><em>Netzteile<\/em> &amp; <em>Steuerungen<\/em><\/h1>\n<p>[\/et_pb_text][dica_divi_carousel show_items_desktop=&#8220;1&#8243; show_items_tablet=&#8220;1&#8243; simulatetouch=&#8220;on&#8220; allowtouchmove=&#8220;on&#8220; arrow_bg_color=&#8220;RGBA(255,255,255,0)&#8220; dots_active_color=&#8220;#44d62c&#8220; overlay_color_field_bgcolor=&#8220;rgba(255,255,255,0.85)&#8220; image_force_fullwidth=&#8220;on&#8220; arrow_position=&#8220;middle-outside&#8220; arrow_alignment=&#8220;center&#8220; arrow_icon_spacing=&#8220;30px&#8220; carousel_container_padding=&#8220;||||false|false&#8220; innercontent_padding=&#8220;||60px|15px|false|false&#8220; image_container_margin=&#8220;||40px||false|false&#8220; text_margin=&#8220;20px||50px||false|false&#8220; button_margin=&#8220;||||false|false&#8220; field_enable_active_slide_design=&#8220;on&#8220; inactive_slide_bg_color_bgcolor=&#8220;RGBA(255,255,255,0)&#8220; module_class=&#8220;beckdesign-carousel beck-subtitle hide-morex&#8220; _builder_version=&#8220;4.27.4&#8243; _module_preset=&#8220;886592a7-9198-4574-bce5-855cfa4aae46&#8243; title_font_size=&#8220;24px&#8220; title_line_height=&#8220;24px&#8220; body_font_size=&#8220;16px&#8220; body_line_height=&#8220;31px&#8220; max_width=&#8220;80%&#8220; max_width_tablet=&#8220;100%&#8220; max_width_phone=&#8220;100%&#8220; max_width_last_edited=&#8220;on|phone&#8220; module_alignment=&#8220;left&#8220; locked=&#8220;off&#8220; global_colors_info=&#8220;{}&#8220;][dica_divi_carouselitem field_enable_content_limit=&#8220;on&#8220; field_limit_content_length=&#8220;633&#8243; button_url_new_window=&#8220;1&#8243; content_padding=&#8220;||||false|false&#8220; button_padding=&#8220;||||false|false&#8220; custom_margin=&#8220;||||false|false&#8220; custom_padding=&#8220;||||false|false&#8220; _builder_version=&#8220;4.27.4&#8243; _module_preset=&#8220;default&#8220; global_colors_info=&#8220;{}&#8220;]<\/p>\n<p>Netzteile sind das verborgene R\u00fcckgrat jedes Beleuchtungssystems. Bei apl sind sie mehr als nur technische Komponenten \u2013 sie sind Erm\u00f6glicher von Effizienz, Flexibilit\u00e4t und Zuverl\u00e4ssigkeit.<\/p>\n<p>Unser Ansatz kombiniert 48V Konstantspannungs-Netzteile (CV-Netzteile) und 600mA Konstantstrom-Netzteile (CC-Netzteile), um die passende Leistung f\u00fcr jede Anwendung zu liefern. Ob bei der Versorgung mehrerer Leuchten in einem Raum oder der Gew\u00e4hrleistung absoluter Pr\u00e4zision in der Architekturbeleuchtung, apl-Stromversorgungsl\u00f6sungen garantieren stabile Qualit\u00e4t, lange Lebensdauer und nahtlose Integration.<br \/>Und da die heutigen Projekte mehr als nur Strom erfordern, unterst\u00fctzen apl-Netzteile eine vollst\u00e4ndige Palette von Steuerungsprotokollen \u2013 von DALI und 1\u201310V bis hin zu Casambi Wireless, SwitchDim oder Triac-Dimmung. Dies macht unsere Systeme gleicherma\u00dfen geeignet f\u00fcr Smart Buildings, Nachr\u00fcstungen und hochwertige Architekturprojekte, wodurch sichergestellt wird, dass jede Installation nicht nur effizient, sondern auch perfekt steuerbar ist.<\/p>\n<p>Um die Dinge vor Ort noch einfacher zu gestalten, sind apl-Netzteile mit optionaler Vorverkabelung erh\u00e4ltlich \u2013 prim\u00e4rseitig zur Vereinfachung des Anschlusses f\u00fcr den Elektriker und sekund\u00e4rseitig f\u00fcr eine schnellere Plug &amp; Play-Integration von Leuchten. Das Ergebnis: weniger Installationszeit, weniger Fehler und reduzierte Kosten.<br \/>Der Nutzen: einfachere Installationen, schnellere Inbetriebnahme, geringerer Wartungsaufwand, h\u00f6here Effizienz, intuitive Steuerung \u2013 und Beleuchtung, die genau wie geplant funktioniert.<\/p>\n<p>[\/dica_divi_carouselitem][\/dica_divi_carousel][\/et_pb_column][et_pb_column type=&#8220;2_5&#8243; _builder_version=&#8220;4.27.4&#8243; _module_preset=&#8220;default&#8220; global_colors_info=&#8220;{}&#8220;][et_pb_image src=&#8220;https:\/\/apl.ag\/wp-content\/uploads\/2025\/08\/psu.png&#8220; title_text=&#8220;Netzteil&#8220; _builder_version=&#8220;4.27.4&#8243; _module_preset=&#8220;default&#8220; transform_scale_tablet=&#8220;100%|100%&#8220; transform_scale_phone=&#8220;100%|100%&#8220; transform_scale_last_edited=&#8220;on|desktop&#8220; transform_translate=&#8220;0px|-40px&#8220; transform_translate_tablet=&#8220;0px|0px&#8220; transform_translate_phone=&#8220;0px|0px&#8220; transform_translate_last_edited=&#8220;on|phone&#8220; transform_translate_linked=&#8220;off&#8220; transform_rotate_tablet=&#8220;&#8220; transform_rotate_phone=&#8220;&#8220; transform_rotate_last_edited=&#8220;on|desktop&#8220; transform_skew_tablet=&#8220;&#8220; transform_skew_phone=&#8220;&#8220; transform_skew_last_edited=&#8220;on|desktop&#8220; transform_origin_tablet=&#8220;&#8220; transform_origin_phone=&#8220;&#8220; transform_origin_last_edited=&#8220;on|desktop&#8220; transform_styles_last_edited=&#8220;on|phone&#8220; transform_styles_tablet=&#8220;&#8220; transform_styles_phone=&#8220;&#8220; global_colors_info=&#8220;{}&#8220;][\/et_pb_image][\/et_pb_column][\/et_pb_row][\/et_pb_section][et_pb_section fb_built=&#8220;1&#8243; admin_label=&#8220;Sektion&#8220; _builder_version=&#8220;4.27.4&#8243; _module_preset=&#8220;default&#8220; background_color=&#8220;#FFFFFF&#8220; background_enable_image=&#8220;off&#8220; background_position=&#8220;top_right&#8220; background_blend=&#8220;hard-light&#8220; z_index=&#8220;99&#8243; background_color_phone=&#8220;RGBA(255,255,255,0)&#8220; background_last_edited=&#8220;off|desktop&#8220; background_enable_color_phone=&#8220;on&#8220; use_background_color_gradient_tablet=&#8220;off&#8220; background_color_gradient_overlays_image_tablet=&#8220;on&#8220; background_image_tablet=&#8220;https:\/\/apl.ag\/wp-content\/uploads\/2025\/02\/LTwo-Entblendung-Detail-1-Kopie-scaled.jpg&#8220; background_enable_image_tablet=&#8220;on&#8220; parallax_tablet=&#8220;on&#8220; parallax_phone=&#8220;on&#8220; background_size_tablet=&#8220;cover&#8220; da_disable_devices=&#8220;off|off|off&#8220; locked=&#8220;off&#8220; collapsed=&#8220;off&#8220; global_colors_info=&#8220;{}&#8220; da_is_popup=&#8220;off&#8220; da_exit_intent=&#8220;off&#8220; da_has_close=&#8220;on&#8220; da_alt_close=&#8220;off&#8220; da_dark_close=&#8220;off&#8220; da_not_modal=&#8220;on&#8220; da_is_singular=&#8220;off&#8220; da_with_loader=&#8220;off&#8220; da_has_shadow=&#8220;on&#8220;][et_pb_row _builder_version=&#8220;4.27.4&#8243; _module_preset=&#8220;default&#8220; width=&#8220;100%&#8220; max_width=&#8220;2560px&#8220; global_colors_info=&#8220;{}&#8220;][et_pb_column type=&#8220;4_4&#8243; _builder_version=&#8220;4.27.4&#8243; _module_preset=&#8220;default&#8220; global_colors_info=&#8220;{}&#8220;][et_pb_tabs active_tab_background_color=&#8220;#44D62C&#8220; inactive_tab_background_color=&#8220;#FFFFFF&#8220; active_tab_text_color=&#8220;#FFFFFF&#8220; module_class=&#8220;lumami-tab&#8220; _builder_version=&#8220;4.27.4&#8243; _module_preset=&#8220;default&#8220; tab_text_color=&#8220;#252525&#8243; background_enable_color=&#8220;off&#8220; max_width=&#8220;100%&#8220; custom_margin=&#8220;0px|0px|0px|0px|false|false&#8220; custom_padding=&#8220;0px|0px|0px|0px|false|false&#8220; border_width_all=&#8220;0px&#8220; locked=&#8220;off&#8220; global_colors_info=&#8220;{}&#8220;][et_pb_tab title=&#8220;Konstantstrom f\u00fcr Innenbereiche&#8220; _builder_version=&#8220;4.27.4&#8243; _module_preset=&#8220;default&#8220; global_colors_info=&#8220;{}&#8220;]<\/p>\n[et_pb_section global_module=\"358458\"][\/et_pb_section]\n<p>[\/et_pb_tab][et_pb_tab title=&#8220;Konstantspannung f\u00fcr Innenbereiche&#8220; _builder_version=&#8220;4.27.4&#8243; _module_preset=&#8220;default&#8220; global_colors_info=&#8220;{}&#8220;]<\/p>\n[et_pb_section global_module=\"358477\"][\/et_pb_section]\n<p>[\/et_pb_tab][et_pb_tab title=&#8220;Konstantspannung f\u00fcr Au\u00dfenbereiche&#8220; _builder_version=&#8220;4.27.4&#8243; _module_preset=&#8220;default&#8220; global_colors_info=&#8220;{}&#8220;]<\/p>\n[et_pb_section global_module=\"358474\"][\/et_pb_section]\n<p>[\/et_pb_tab][\/et_pb_tabs][\/et_pb_column][\/et_pb_row][\/et_pb_section]<\/p>\n","protected":false},"excerpt":{"rendered":"<p>Netzteile &amp; Steuerungen<div class=\"et_pb_module dica_divi_carousel dica_divi_carousel_0 beckdesign-carousel beck-subtitle hide-morex\">\n\t\t\t\t\n\t\t\t\t\n\t\t\t\t\n\t\t\t\t\n\t\t\t\t\n\t\t\t\t\n\t\t\t\t<div class=\"et_pb_module_inner\">\n\t\t\t\t\t<div class=\"dica-container  desktop_middle-outside tablet_middle-outside mobile_middle-outside\" data-props='{\"desktop\":\"1\",\"tablet\":\"1\",\"mobile\":\"1\",\"speed\":\"500\",\"arrow\":\"off\",\"dots\":\"off\",\"autoplay\":\"off\",\"autoSpeed\":\"1000\",\"loop\":\"off\",\"item_spacing\":\"30\",\"center_mode\":\"off\",\"slider_effec\":\"default\",\"cover_rotate\":\"50\",\"pause_onhover\":\"off\",\"multislide\":\"off\",\"cfshadow\":\"on\",\"order\":\"0\",\"lazyload\":\"off\",\"lazybefore\":\"off\",\"scroller_effect\":\"off\",\"autowidth\":\"off\",\"item_spacing_tablet\":\"30\",\"item_spacing_phone\":\"30\",\"scroller_speed\":\"4000\",\"hashNavigation\":\"off\",\"simulatetouch\":\"on\",\"allowtouchmove\":\"on\",\"slide_row\":\"1\",\"slide_row_tablet\":\"1\",\"slide_row_phone\":\"1\",\"keyboard\":\"off\",\"mousewheel\":\"off\",\"autoplay_viewport\":\"\"}'>\n\t\t\t\t\t\t\t \t<div class=\"swiper-container\" >\n\t\t\t\t\t\t\t\t\t<div class=\"swiper-wrapper\"><\/div>\t\n\t\t\t\t\t\t\t\t<\/div>\t\n\t\t\t\t\t\t\t\t\n\t\t\t\t\t\t\t\t\t\t\t\t\t\t\n\t\t\t\t\t\t\t<\/div>\n\t\t\t\t<\/div>\n\t\t\t<\/div><div class=\"et_pb_module dica_divi_carouselitem dica_divi_carouselitem_0\">\n\t\t\t\t\n\t\t\t\t\n\t\t\t\t\n\t\t\t\t\n\t\t\t\t\n\t\t\t\t\n\t\t\t\t<div class=\"et_pb_module_inner\">\n\t\t\t\t\t <div class=\"dica-item empty-content image_top\"   data-hash=\"dica_divi_carouselitem_0\">\n\t\t\t\t\t\t\t\t\t\n\t\t\t\t\t\t\t\t\t\n\t\t\t\t\t\t\t<\/div>\n\t\t\t\t<\/div>\n\t\t\t<\/div>Netzteile sind das verborgene R\u00fcckgrat jedes Beleuchtungssystems. Bei apl [&hellip;]<\/p>\n","protected":false},"author":1,"featured_media":0,"parent":365892,"menu_order":0,"comment_status":"closed","ping_status":"closed","template":"","meta":{"_acf_changed":false,"_et_pb_use_builder":"on","_et_pb_old_content":"","_et_gb_content_width":"","footnotes":""},"class_list":["post-366109","page","type-page","status-publish","hentry"],"acf":[],"yoast_head":"<!-- This site is optimized with the Yoast SEO plugin v25.8 - https:\/\/yoast.com\/wordpress\/plugins\/seo\/ -->\n<title>Netzteile &amp; Steuerungen - apl<\/title>\n<meta name=\"robots\" content=\"index, follow, max-snippet:-1, max-image-preview:large, max-video-preview:-1\" \/>\n<link rel=\"canonical\" href=\"https:\/\/apl.ag\/de\/produkte\/netzteile-steuerungen\/\" \/>\n<meta property=\"og:locale\" content=\"de_DE\" \/>\n<meta property=\"og:type\" content=\"article\" \/>\n<meta property=\"og:title\" content=\"Netzteile &amp; Steuerungen - apl\" \/>\n<meta property=\"og:description\" content=\"Netzteile &amp; SteuerungenNetzteile sind das verborgene R\u00fcckgrat jedes Beleuchtungssystems. Bei apl [&hellip;]\" \/>\n<meta property=\"og:url\" content=\"https:\/\/apl.ag\/de\/produkte\/netzteile-steuerungen\/\" \/>\n<meta property=\"og:site_name\" content=\"apl\" \/>\n<meta property=\"article:modified_time\" content=\"2025-10-24T07:37:30+00:00\" \/>\n<meta name=\"twitter:card\" content=\"summary_large_image\" \/>\n<meta name=\"twitter:label1\" content=\"Gesch\u00e4tzte Lesezeit\" \/>\n\t<meta name=\"twitter:data1\" content=\"3\u00a0Minuten\" \/>\n<script type=\"application\/ld+json\" class=\"yoast-schema-graph\">{\"@context\":\"https:\/\/schema.org\",\"@graph\":[{\"@type\":\"WebPage\",\"@id\":\"https:\/\/apl.ag\/de\/produkte\/netzteile-steuerungen\/\",\"url\":\"https:\/\/apl.ag\/de\/produkte\/netzteile-steuerungen\/\",\"name\":\"Netzteile &amp; Steuerungen - apl\",\"isPartOf\":{\"@id\":\"https:\/\/apl.ag\/de\/#website\"},\"datePublished\":\"2025-06-04T11:55:32+00:00\",\"dateModified\":\"2025-10-24T07:37:30+00:00\",\"breadcrumb\":{\"@id\":\"https:\/\/apl.ag\/de\/produkte\/netzteile-steuerungen\/#breadcrumb\"},\"inLanguage\":\"de\",\"potentialAction\":[{\"@type\":\"ReadAction\",\"target\":[\"https:\/\/apl.ag\/de\/produkte\/netzteile-steuerungen\/\"]}]},{\"@type\":\"BreadcrumbList\",\"@id\":\"https:\/\/apl.ag\/de\/produkte\/netzteile-steuerungen\/#breadcrumb\",\"itemListElement\":[{\"@type\":\"ListItem\",\"position\":1,\"name\":\"Home\",\"item\":\"https:\/\/apl.ag\/de\/\"},{\"@type\":\"ListItem\",\"position\":2,\"name\":\"Produkte\",\"item\":\"https:\/\/apl.ag\/de\/produkte\/\"},{\"@type\":\"ListItem\",\"position\":3,\"name\":\"Netzteile &amp; Steuerungen\"}]},{\"@type\":\"WebSite\",\"@id\":\"https:\/\/apl.ag\/de\/#website\",\"url\":\"https:\/\/apl.ag\/de\/\",\"name\":\"apl DEV\",\"description\":\"all purpose lighting\",\"publisher\":{\"@id\":\"https:\/\/apl.ag\/de\/#organization\"},\"potentialAction\":[{\"@type\":\"SearchAction\",\"target\":{\"@type\":\"EntryPoint\",\"urlTemplate\":\"https:\/\/apl.ag\/de\/?s={search_term_string}\"},\"query-input\":{\"@type\":\"PropertyValueSpecification\",\"valueRequired\":true,\"valueName\":\"search_term_string\"}}],\"inLanguage\":\"de\"},{\"@type\":\"Organization\",\"@id\":\"https:\/\/apl.ag\/de\/#organization\",\"name\":\"apl DEV\",\"url\":\"https:\/\/apl.ag\/de\/\",\"logo\":{\"@type\":\"ImageObject\",\"inLanguage\":\"de\",\"@id\":\"https:\/\/apl.ag\/de\/#\/schema\/logo\/image\/\",\"url\":\"https:\/\/apl.ag\/wp-content\/uploads\/2024\/12\/logo.svg\",\"contentUrl\":\"https:\/\/apl.ag\/wp-content\/uploads\/2024\/12\/logo.svg\",\"width\":1,\"height\":1,\"caption\":\"apl DEV\"},\"image\":{\"@id\":\"https:\/\/apl.ag\/de\/#\/schema\/logo\/image\/\"}}]}<\/script>\n<!-- \/ Yoast SEO plugin. -->","yoast_head_json":{"title":"Netzteile &amp; Steuerungen - apl","robots":{"index":"index","follow":"follow","max-snippet":"max-snippet:-1","max-image-preview":"max-image-preview:large","max-video-preview":"max-video-preview:-1"},"canonical":"https:\/\/apl.ag\/de\/produkte\/netzteile-steuerungen\/","og_locale":"de_DE","og_type":"article","og_title":"Netzteile &amp; Steuerungen - apl","og_description":"Netzteile &amp; SteuerungenNetzteile sind das verborgene R\u00fcckgrat jedes Beleuchtungssystems. Bei apl [&hellip;]","og_url":"https:\/\/apl.ag\/de\/produkte\/netzteile-steuerungen\/","og_site_name":"apl","article_modified_time":"2025-10-24T07:37:30+00:00","twitter_card":"summary_large_image","twitter_misc":{"Gesch\u00e4tzte Lesezeit":"3\u00a0Minuten"},"schema":{"@context":"https:\/\/schema.org","@graph":[{"@type":"WebPage","@id":"https:\/\/apl.ag\/de\/produkte\/netzteile-steuerungen\/","url":"https:\/\/apl.ag\/de\/produkte\/netzteile-steuerungen\/","name":"Netzteile &amp; Steuerungen - apl","isPartOf":{"@id":"https:\/\/apl.ag\/de\/#website"},"datePublished":"2025-06-04T11:55:32+00:00","dateModified":"2025-10-24T07:37:30+00:00","breadcrumb":{"@id":"https:\/\/apl.ag\/de\/produkte\/netzteile-steuerungen\/#breadcrumb"},"inLanguage":"de","potentialAction":[{"@type":"ReadAction","target":["https:\/\/apl.ag\/de\/produkte\/netzteile-steuerungen\/"]}]},{"@type":"BreadcrumbList","@id":"https:\/\/apl.ag\/de\/produkte\/netzteile-steuerungen\/#breadcrumb","itemListElement":[{"@type":"ListItem","position":1,"name":"Home","item":"https:\/\/apl.ag\/de\/"},{"@type":"ListItem","position":2,"name":"Produkte","item":"https:\/\/apl.ag\/de\/produkte\/"},{"@type":"ListItem","position":3,"name":"Netzteile &amp; Steuerungen"}]},{"@type":"WebSite","@id":"https:\/\/apl.ag\/de\/#website","url":"https:\/\/apl.ag\/de\/","name":"apl DEV","description":"all purpose lighting","publisher":{"@id":"https:\/\/apl.ag\/de\/#organization"},"potentialAction":[{"@type":"SearchAction","target":{"@type":"EntryPoint","urlTemplate":"https:\/\/apl.ag\/de\/?s={search_term_string}"},"query-input":{"@type":"PropertyValueSpecification","valueRequired":true,"valueName":"search_term_string"}}],"inLanguage":"de"},{"@type":"Organization","@id":"https:\/\/apl.ag\/de\/#organization","name":"apl DEV","url":"https:\/\/apl.ag\/de\/","logo":{"@type":"ImageObject","inLanguage":"de","@id":"https:\/\/apl.ag\/de\/#\/schema\/logo\/image\/","url":"https:\/\/apl.ag\/wp-content\/uploads\/2024\/12\/logo.svg","contentUrl":"https:\/\/apl.ag\/wp-content\/uploads\/2024\/12\/logo.svg","width":1,"height":1,"caption":"apl DEV"},"image":{"@id":"https:\/\/apl.ag\/de\/#\/schema\/logo\/image\/"}}]}},"_links":{"self":[{"href":"https:\/\/apl.ag\/de\/wp-json\/wp\/v2\/pages\/366109","targetHints":{"allow":["GET"]}}],"collection":[{"href":"https:\/\/apl.ag\/de\/wp-json\/wp\/v2\/pages"}],"about":[{"href":"https:\/\/apl.ag\/de\/wp-json\/wp\/v2\/types\/page"}],"author":[{"embeddable":true,"href":"https:\/\/apl.ag\/de\/wp-json\/wp\/v2\/users\/1"}],"replies":[{"embeddable":true,"href":"https:\/\/apl.ag\/de\/wp-json\/wp\/v2\/comments?post=366109"}],"version-history":[{"count":2,"href":"https:\/\/apl.ag\/de\/wp-json\/wp\/v2\/pages\/366109\/revisions"}],"predecessor-version":[{"id":366114,"href":"https:\/\/apl.ag\/de\/wp-json\/wp\/v2\/pages\/366109\/revisions\/366114"}],"up":[{"embeddable":true,"href":"https:\/\/apl.ag\/de\/wp-json\/wp\/v2\/pages\/365892"}],"wp:attachment":[{"href":"https:\/\/apl.ag\/de\/wp-json\/wp\/v2\/media?parent=366109"}],"curies":[{"name":"wp","href":"https:\/\/api.w.org\/{rel}","templated":true}]}}